{"id":238,"date":"2020-07-04T22:47:34","date_gmt":"2020-07-04T21:47:34","guid":{"rendered":"http:\/\/www.ferotge.com\/?page_id=238"},"modified":"2024-05-29T16:09:45","modified_gmt":"2024-05-29T15:09:45","slug":"assessorament","status":"publish","type":"page","link":"https:\/\/www.ferotge.com\/cast\/assessorament\/","title":{"rendered":"Asesoramiento"},"content":{"rendered":"<p>[et_pb_section fb_built=&#8221;1&#8243; fullwidth=&#8221;on&#8221; _builder_version=&#8221;4.16&#8243; custom_padding=&#8221;0px||0px||false|false&#8221; global_colors_info=&#8221;{}&#8221;][et_pb_fullwidth_header title=&#8221;Assessorament&#8221; text_orientation=&#8221;center&#8221; header_scroll_down=&#8221;on&#8221; scroll_down_icon=&#8221;%%0%%&#8221; scroll_down_icon_color=&#8221;#ffffff&#8221; scroll_down_icon_size=&#8221;36px&#8221; background_overlay_color=&#8221;rgba(0,0,0,0.28)&#8221; _builder_version=&#8221;4.16&#8243; background_color=&#8221;rgba(0,0,0,0)&#8221; background_image=&#8221;https:\/\/www.ferotge.com\/wp-content\/uploads\/2021\/02\/nova-imatge-ENRIC-ASESweb2.jpg&#8221; custom_padding=&#8221;120px||120px||false|false&#8221; custom_padding_tablet=&#8221;90px||90px||false|false&#8221; custom_padding_phone=&#8221;60px||60px||false|false&#8221; custom_padding_last_edited=&#8221;on|phone&#8221; title_text_shadow_style=&#8221;preset3&#8243; global_colors_info=&#8221;{}&#8221;][\/et_pb_fullwidth_header][\/et_pb_section][et_pb_section fb_built=&#8221;1&#8243; _builder_version=&#8221;4.16&#8243; background_color=&#8221;#efede8&#8243; custom_padding=&#8221;30px||30px||false|false&#8221; global_colors_info=&#8221;{}&#8221;][et_pb_row column_structure=&#8221;2_3,1_3&#8243; _builder_version=&#8221;4.16&#8243; global_colors_info=&#8221;{}&#8221;][et_pb_column type=&#8221;2_3&#8243; _builder_version=&#8221;4.16&#8243; global_colors_info=&#8221;{}&#8221;][et_pb_text _builder_version=&#8221;4.16&#8243; custom_padding=&#8221;||0px|||&#8221; global_colors_info=&#8221;{}&#8221;]<\/p>\n<h2>Presentaci\u00f3<\/h2>\n<p>Conjuntament amb el col.lectiu, explorarem estrat\u00e8gies\u00a0per a potenciar l&#8217;imaginari de cada projecte, ajudant a crear un marc organitzatiu que agilitzi el treball a curt,\u00a0mitj\u00e0\u00a0i llarg termini.\u00a0<span style=\"font-size: 16px;\">Vetllant, en definitiva, perqu\u00e8 &#8220;all\u00f2\u00a0que vol ser expressat, es comuniqui correctament&#8221;.\u00a0Sempre\u00a0respectant i potenciant la personalitat \u00fanica de cada\u00a0creaci\u00f3.<\/span><\/p>\n<p>[\/et_pb_text][et_pb_divider divider_position=&#8221;bottom&#8221; disabled_on=&#8221;on|off|off&#8221; _builder_version=&#8221;4.16&#8243; global_colors_info=&#8221;{}&#8221;][\/et_pb_divider][\/et_pb_column][et_pb_column type=&#8221;1_3&#8243; _builder_version=&#8221;4.16&#8243; global_colors_info=&#8221;{}&#8221;][et_pb_image src=&#8221;https:\/\/www.ferotge.com\/wp-content\/uploads\/2020\/07\/elcirculoanimadoOOoOO.jpg&#8221; title_text=&#8221;elcirculoanimadoOOoOO&#8221; show_in_lightbox=&#8221;on&#8221; _builder_version=&#8221;4.16&#8243; width=&#8221;86%&#8221; global_colors_info=&#8221;{}&#8221;][\/et_pb_image][\/et_pb_column][\/et_pb_row][et_pb_row column_structure=&#8221;1_2,1_2&#8243; _builder_version=&#8221;4.16&#8243; global_colors_info=&#8221;{}&#8221;][et_pb_column type=&#8221;1_2&#8243; _builder_version=&#8221;4.16&#8243; global_colors_info=&#8221;{}&#8221;][et_pb_image src=&#8221;https:\/\/www.ferotge.com\/wp-content\/uploads\/2020\/07\/10.jpg&#8221; title_text=&#8221;10&#8243; _builder_version=&#8221;4.16&#8243; custom_padding_tablet=&#8221;0px||||false|false&#8221; custom_padding_phone=&#8221;0px||||false|false&#8221; custom_padding_last_edited=&#8221;on|tablet&#8221; global_colors_info=&#8221;{}&#8221;][\/et_pb_image][\/et_pb_column][et_pb_column type=&#8221;1_2&#8243; _builder_version=&#8221;4.16&#8243; global_colors_info=&#8221;{}&#8221;][et_pb_text _builder_version=&#8221;4.16&#8243; global_colors_info=&#8221;{}&#8221;]<\/p>\n<h2>Objectius<\/h2>\n<p>&#8211; Proporcionar a les companyies recursos per a definir i potenciar un m\u00f3n propi: el qu\u00e8, el com i el perqu\u00e8 d&#8217;all\u00f2\u00a0que es vol comunicar al p\u00fablic<\/p>\n<p>\u00a0&#8211;\u00a0Ajudar que\u00a0l&#8217;energia creadora es materialitzi en resultats concrets, optimitzant el rendiment general de la companyia<\/p>\n<p>\u00a0-Exposar estrat\u00e8gies per superar conflictes i desavinences<\/p>\n<p>\u00a0&#8211; Contribuir a generar un m\u00e8tode creatiu propi de cada col\u00b7lectiu, un mapa de treball que orienti al grup en futures produccions<\/p>\n<p>&#8211; Propiciar el context per a l&#8217;encontre i la fricci\u00f3 amb\u00a0creadors\u00a0d&#8217;altres \u00e0mbits\u00a0que\u00a0complementin les necessitats art\u00edstiques del projecte<\/p>\n<p>[\/et_pb_text][\/et_pb_column][\/et_pb_row][et_pb_row _builder_version=&#8221;4.16&#8243; _module_preset=&#8221;default&#8221; global_colors_info=&#8221;{}&#8221;][et_pb_column type=&#8221;4_4&#8243; _builder_version=&#8221;4.16&#8243; _module_preset=&#8221;default&#8221; global_colors_info=&#8221;{}&#8221;][et_pb_divider divider_position=&#8221;bottom&#8221; disabled_on=&#8221;on|off|off&#8221; _builder_version=&#8221;4.16&#8243; global_colors_info=&#8221;{}&#8221;][\/et_pb_divider][\/et_pb_column][\/et_pb_row][et_pb_row column_structure=&#8221;3_5,2_5&#8243; _builder_version=&#8221;4.16&#8243; global_colors_info=&#8221;{}&#8221;][et_pb_column type=&#8221;3_5&#8243; _builder_version=&#8221;4.16&#8243; global_colors_info=&#8221;{}&#8221;][et_pb_text _builder_version=&#8221;4.16&#8243; global_colors_info=&#8221;{}&#8221;]<\/p>\n<h2>Com ?<\/h2>\n<p>Es tracta de <strong>cinc trobades<\/strong> amb el col\u00b7lectiu on s\u2019analitzen els materials dram\u00e0tics, es repassen les intencions i els objectius de la companyia i es proposen noves l\u00ednies de treball, en un proc\u00e8s de retroalimentaci\u00f3 m\u00fatua.<\/p>\n<p>La periodicitat d\u2019aquests encontres pot variar (setmanal o mensual) depenent d\u2019en quin moment del proc\u00e9s es troba cada col\u00b7lectiu. Un cop acabades aquestes cinc sessions, si l&#8217;equip ho creu necessari, es concretaran noves cites de treball.<\/p>\n<p>[\/et_pb_text][\/et_pb_column][et_pb_column type=&#8221;2_5&#8243; _builder_version=&#8221;4.16&#8243; global_colors_info=&#8221;{}&#8221;][et_pb_image src=&#8221;https:\/\/www.ferotge.com\/wp-content\/uploads\/2024\/05\/foto-bn.jpg&#8221; title_text=&#8221;foto bn&#8221; show_in_lightbox=&#8221;on&#8221; _builder_version=&#8221;4.25.1&#8243; hover_enabled=&#8221;0&#8243; global_colors_info=&#8221;{}&#8221; sticky_enabled=&#8221;0&#8243;][\/et_pb_image][\/et_pb_column][\/et_pb_row][et_pb_row column_structure=&#8221;1_4,1_2,1_4&#8243; _builder_version=&#8221;4.16&#8243; global_colors_info=&#8221;{}&#8221;][et_pb_column type=&#8221;1_4&#8243; _builder_version=&#8221;4.16&#8243; global_colors_info=&#8221;{}&#8221;][\/et_pb_column][et_pb_column type=&#8221;1_2&#8243; _builder_version=&#8221;4.16&#8243; global_colors_info=&#8221;{}&#8221;][et_pb_testimonial portrait_url=&#8221;https:\/\/www.ferotge.com\/wp-content\/uploads\/2020\/07\/elcirculoanimadoOOOO.jpg&#8221; _builder_version=&#8221;4.16&#8243; _module_preset=&#8221;default&#8221; author_font_size=&#8221;14px&#8221; position_font_size=&#8221;14px&#8221; animation_style=&#8221;slide&#8221; animation_direction=&#8221;right&#8221; global_colors_info=&#8221;{}&#8221;]<\/p>\n<p><em>Pensar que sempre estarem d&#8217;acord tots en tot representa una visi\u00f3 totalment distorsionada de l&#8217;assumpte.\u00a0No obstant aix\u00f2, \u00e9s habitual instal\u00b7lar-se en la il\u00b7lusi\u00f3 que funcionarem per consens general eternament i sense cap\u00a0mena\u00a0de conflicte. I \u00e9s cert que tot pot funcionar b\u00e9 fins que arriba un moment crucial en tot proc\u00e9s: comen\u00e7ar a prendre decisions. Decidir porta\u00a0<span>impl\u00edcit<\/span>\u00a0l&#8217;aparici\u00f3 dels primers desacords interns. Per\u00f2 evitar prendre decisions per aix\u00ed evitar conflictes \u00e9s una opci\u00f3 que acabar\u00e0 col\u00b7lapsant el treball.<\/em><\/p>\n<p>[\/et_pb_testimonial][et_pb_divider divider_position=&#8221;bottom&#8221; disabled_on=&#8221;on|off|off&#8221; _builder_version=&#8221;4.16&#8243; global_colors_info=&#8221;{}&#8221;][\/et_pb_divider][et_pb_cta title=&#8221;Si necessiteu m\u00e9s info&#8230;&#8221; button_url=&#8221;https:\/\/www.ferotge.com\/cat\/contacte\/&#8221; button_text=&#8221;Contacteu&#8221; _builder_version=&#8221;4.16&#8243; animation_style=&#8221;slide&#8221; animation_direction=&#8221;bottom&#8221; global_colors_info=&#8221;{}&#8221;]<\/p>\n<p>Sobre els serveis d&#8217;assessorament<\/p>\n<p>[\/et_pb_cta][\/et_pb_column][et_pb_column type=&#8221;1_4&#8243; _builder_version=&#8221;4.16&#8243; global_colors_info=&#8221;{}&#8221;][\/et_pb_column][\/et_pb_row][\/et_pb_section]<\/p>\n","protected":false},"excerpt":{"rendered":"<p>Conjuntamente con el colectivo, exploramos estrategias para potenciar el imaginario de cada proyecto y de cada artista, ayudamos a crear un marco organizativo que agilice el trabajo a corto, medio y largo plazo.<\/p>\n<p>Velamos, en definitiva, porque &quot;lo que quiere ser expresado, se comunique correctamente&quot;. Siempre respetando y potenciando la personalidad \u00fanica de cada creaci\u00f3n.<\/p>","protected":false},"author":1,"featured_media":773,"parent":0,"menu_order":0,"comment_status":"closed","ping_status":"closed","template":"","meta":{"_et_pb_use_builder":"on","_et_pb_old_content":"","_et_gb_content_width":"","footnotes":""},"class_list":["post-238","page","type-page","status-publish","has-post-thumbnail","hentry"],"_links":{"self":[{"href":"https:\/\/www.ferotge.com\/cast\/wp-json\/wp\/v2\/pages\/238","targetHints":{"allow":["GET"]}}],"collection":[{"href":"https:\/\/www.ferotge.com\/cast\/wp-json\/wp\/v2\/pages"}],"about":[{"href":"https:\/\/www.ferotge.com\/cast\/wp-json\/wp\/v2\/types\/page"}],"author":[{"embeddable":true,"href":"https:\/\/www.ferotge.com\/cast\/wp-json\/wp\/v2\/users\/1"}],"replies":[{"embeddable":true,"href":"https:\/\/www.ferotge.com\/cast\/wp-json\/wp\/v2\/comments?post=238"}],"version-history":[{"count":0,"href":"https:\/\/www.ferotge.com\/cast\/wp-json\/wp\/v2\/pages\/238\/revisions"}],"wp:featuredmedia":[{"embeddable":true,"href":"https:\/\/www.ferotge.com\/cast\/wp-json\/wp\/v2\/media\/773"}],"wp:attachment":[{"href":"https:\/\/www.ferotge.com\/cast\/wp-json\/wp\/v2\/media?parent=238"}],"curies":[{"name":"wp","href":"https:\/\/api.w.org\/{rel}","templated":true}]}}