{"id":248,"date":"2020-07-04T22:58:47","date_gmt":"2020-07-04T21:58:47","guid":{"rendered":"http:\/\/www.ferotge.com\/?page_id=248"},"modified":"2024-05-29T16:26:53","modified_gmt":"2024-05-29T15:26:53","slug":"formacio","status":"publish","type":"page","link":"https:\/\/www.ferotge.com\/cast\/formacio\/","title":{"rendered":"Formaci\u00f3n"},"content":{"rendered":"<p>[et_pb_section fb_built=&#8221;1&#8243; fullwidth=&#8221;on&#8221; _builder_version=&#8221;4.16&#8243; custom_padding=&#8221;0px||0px||false|false&#8221; global_colors_info=&#8221;{}&#8221;][et_pb_fullwidth_header title=&#8221;Formaci\u00f3&#8221; text_orientation=&#8221;center&#8221; header_scroll_down=&#8221;on&#8221; scroll_down_icon=&#8221;%%0%%&#8221; scroll_down_icon_color=&#8221;#ffffff&#8221; scroll_down_icon_size=&#8221;36px&#8221; background_overlay_color=&#8221;rgba(0,0,0,0.28)&#8221; _builder_version=&#8221;4.25.1&#8243; subhead_font_size=&#8221;24px&#8221; background_color=&#8221;rgba(0,0,0,0)&#8221; background_image=&#8221;https:\/\/www.ferotge.com\/wp-content\/uploads\/2024\/05\/IMG_0997.jpg&#8221; custom_padding=&#8221;120px||120px||false|false&#8221; custom_padding_tablet=&#8221;90px||90px||false|false&#8221; custom_padding_phone=&#8221;60px||60px||false|false&#8221; custom_padding_last_edited=&#8221;on|phone&#8221; hover_enabled=&#8221;0&#8243; title_text_shadow_style=&#8221;preset3&#8243; global_colors_info=&#8221;{}&#8221; title_text=&#8221;IMG_0997&#8243; background_position=&#8221;top_center&#8221; sticky_enabled=&#8221;0&#8243;][\/et_pb_fullwidth_header][\/et_pb_section][et_pb_section fb_built=&#8221;1&#8243; _builder_version=&#8221;4.16&#8243; _module_preset=&#8221;default&#8221; background_color=&#8221;#e0ded9&#8243; custom_margin=&#8221;0px||0px||false|false&#8221; custom_padding=&#8221;0px||0px||false|false&#8221; global_colors_info=&#8221;{}&#8221;][et_pb_row _builder_version=&#8221;4.16&#8243; _module_preset=&#8221;default&#8221; global_colors_info=&#8221;{}&#8221;][et_pb_column type=&#8221;4_4&#8243; _builder_version=&#8221;4.16&#8243; _module_preset=&#8221;default&#8221; global_colors_info=&#8221;{}&#8221;][et_pb_text _builder_version=&#8221;4.16&#8243; _module_preset=&#8221;default&#8221; global_colors_info=&#8221;{}&#8221;]<\/p>\n<h3 style=\"text-align: center;\">Us proposo aquests tres formats:<\/h3>\n<p>[\/et_pb_text][\/et_pb_column][\/et_pb_row][\/et_pb_section][et_pb_section fb_built=&#8221;1&#8243; _builder_version=&#8221;4.16&#8243; background_color=&#8221;#efede8&#8243; custom_padding=&#8221;30px||30px||false|false&#8221; global_colors_info=&#8221;{}&#8221;][et_pb_row column_structure=&#8221;1_3,2_3&#8243; _builder_version=&#8221;4.16&#8243; global_colors_info=&#8221;{}&#8221;][et_pb_column type=&#8221;1_3&#8243; _builder_version=&#8221;4.16&#8243; global_colors_info=&#8221;{}&#8221;][et_pb_image src=&#8221;https:\/\/www.ferotge.com\/wp-content\/uploads\/2020\/07\/enricasesmans-2.jpg&#8221; title_text=&#8221;enricasesmans-2&#8243; _builder_version=&#8221;4.16&#8243; global_colors_info=&#8221;{}&#8221;][\/et_pb_image][\/et_pb_column][et_pb_column type=&#8221;2_3&#8243; _builder_version=&#8221;4.16&#8243; global_colors_info=&#8221;{}&#8221;][et_pb_text _builder_version=&#8221;4.16&#8243; custom_margin=&#8221;||18px||false|false&#8221; global_colors_info=&#8221;{}&#8221;]<\/p>\n<h3>Taller &#8216;Processos de Creacci\u00f3 en Col.lectiu&#8217;<\/h3>\n<p>Obert principalment a artistes i creadors de tots els \u00e0mbits, aix\u00ed com alumnes d\u2019escoles d\u2019arts esc\u00e8niques.<br \/> <strong>Durada del taller: entre 10 i 15 h.<\/strong><\/p>\n<p>[\/et_pb_text][et_pb_button button_url=&#8221;https:\/\/www.ferotge.com\/ca\/processos-de-creaccio-en-col-lectiu\/&#8221; button_text=&#8221;Llegir m\u00e9s&#8230;&#8221; _builder_version=&#8221;4.16&#8243; custom_button=&#8221;on&#8221; button_text_color=&#8221;#ffffff&#8221; button_bg_color=&#8221;#f2460c&#8221; button_border_color=&#8221;#f2460c&#8221; custom_margin=&#8221;||24px||false|false&#8221; custom_padding=&#8221;||||false|false&#8221; global_colors_info=&#8221;{}&#8221;][\/et_pb_button][et_pb_divider divider_position=&#8221;center&#8221; _builder_version=&#8221;4.16&#8243; min_height=&#8221;10px&#8221; global_colors_info=&#8221;{}&#8221;][\/et_pb_divider][et_pb_text admin_label=&#8221;Text&#8221; _builder_version=&#8221;4.16&#8243; global_colors_info=&#8221;{}&#8221;]<\/p>\n<h3>Curs &#8216;Formaci\u00f3 per docents&#8217;<br \/> <strong><\/strong><\/h3>\n<p>Dirigit a professors d\u2019arts esc\u00e8niques interessats en la creaci\u00f3 en equip (opci\u00f3 de curs espec\u00edfic per a mestres de batxillerat esc\u00e8nic).<br \/> <strong>Durada del curs: entre 10 i 15 h.<\/strong><\/p>\n<p>[\/et_pb_text][et_pb_button button_url=&#8221;https:\/\/www.ferotge.com\/ca\/formacio-per-docents\/&#8221; button_text=&#8221;Llegir m\u00e9s&#8230;&#8221; _builder_version=&#8221;4.16&#8243; custom_button=&#8221;on&#8221; button_text_color=&#8221;#ffffff&#8221; button_bg_color=&#8221;#f2460c&#8221; button_border_color=&#8221;#f2460c&#8221; custom_margin=&#8221;||24px||false|false&#8221; custom_padding=&#8221;||||false|false&#8221; global_colors_info=&#8221;{}&#8221;][\/et_pb_button][et_pb_divider divider_position=&#8221;center&#8221; _builder_version=&#8221;4.16&#8243; min_height=&#8221;10px&#8221; global_colors_info=&#8221;{}&#8221;][\/et_pb_divider][et_pb_text _builder_version=&#8221;4.16&#8243; global_colors_info=&#8221;{}&#8221;]<\/p>\n<h3>Confer\u00e8ncia &#8216;Maravelles i horrors de la creacci\u00f3 en equip&#8217;<\/h3>\n<p>Adre\u00e7ada a qualsevol persona relacionada amb les arts esc\u00e8niques, aix\u00ed com a tots aquells interessats en din\u00e0miques de grup en el context d\u2019un equip de treball.<br \/> <strong>Durada: 2 h<\/strong><\/p>\n<p>[\/et_pb_text][et_pb_button button_url=&#8221;https:\/\/www.ferotge.com\/ca\/meravelles-i-horrors-de-la-creacio-en-equip\/&#8221; button_text=&#8221;Llegir m\u00e9s&#8230;&#8221; _builder_version=&#8221;4.16&#8243; custom_button=&#8221;on&#8221; button_text_color=&#8221;#ffffff&#8221; button_bg_color=&#8221;#f2460c&#8221; button_border_color=&#8221;#f2460c&#8221; custom_margin=&#8221;||0px||false|false&#8221; custom_padding=&#8221;||||false|false&#8221; global_colors_info=&#8221;{}&#8221;][\/et_pb_button][\/et_pb_column][\/et_pb_row][et_pb_row column_structure=&#8221;1_4,1_2,1_4&#8243; _builder_version=&#8221;4.16&#8243; custom_padding=&#8221;0px||||false|false&#8221; global_colors_info=&#8221;{}&#8221;][et_pb_column type=&#8221;1_4&#8243; _builder_version=&#8221;4.16&#8243; global_colors_info=&#8221;{}&#8221;][\/et_pb_column][et_pb_column type=&#8221;1_2&#8243; _builder_version=&#8221;4.16&#8243; global_colors_info=&#8221;{}&#8221;][et_pb_divider divider_position=&#8221;bottom&#8221; disabled_on=&#8221;on|off|off&#8221; _builder_version=&#8221;4.16&#8243; global_colors_info=&#8221;{}&#8221;][\/et_pb_divider][et_pb_cta title=&#8221;Si necessiteu m\u00e9s info&#8230;&#8221; button_url=&#8221;https:\/\/www.ferotge.com\/cat\/contacte\/&#8221; button_text=&#8221;Contacteu&#8221; _builder_version=&#8221;4.16&#8243; animation_style=&#8221;slide&#8221; animation_direction=&#8221;bottom&#8221; global_colors_info=&#8221;{}&#8221;]<\/p>\n<p>Sobre els tallers, cursos o conf\u00e8rencies\u00a0<\/p>\n<p>[\/et_pb_cta][\/et_pb_column][et_pb_column type=&#8221;1_4&#8243; _builder_version=&#8221;4.16&#8243; global_colors_info=&#8221;{}&#8221;][\/et_pb_column][\/et_pb_row][\/et_pb_section]<\/p>\n","protected":false},"excerpt":{"rendered":"<p>\u00a1Cursos de formaci\u00f3n en Feroz! Dirigidos a profesores de artes esc\u00e9nicas interesados en la creaci\u00f3n en equipo (opci\u00f3n de curso espec\u00edfico para maestros de bachillerato esc\u00e9nico).<\/p>","protected":false},"author":1,"featured_media":772,"parent":0,"menu_order":0,"comment_status":"closed","ping_status":"closed","template":"","meta":{"_et_pb_use_builder":"on","_et_pb_old_content":"","_et_gb_content_width":"","footnotes":""},"class_list":["post-248","page","type-page","status-publish","has-post-thumbnail","hentry"],"_links":{"self":[{"href":"https:\/\/www.ferotge.com\/cast\/wp-json\/wp\/v2\/pages\/248","targetHints":{"allow":["GET"]}}],"collection":[{"href":"https:\/\/www.ferotge.com\/cast\/wp-json\/wp\/v2\/pages"}],"about":[{"href":"https:\/\/www.ferotge.com\/cast\/wp-json\/wp\/v2\/types\/page"}],"author":[{"embeddable":true,"href":"https:\/\/www.ferotge.com\/cast\/wp-json\/wp\/v2\/users\/1"}],"replies":[{"embeddable":true,"href":"https:\/\/www.ferotge.com\/cast\/wp-json\/wp\/v2\/comments?post=248"}],"version-history":[{"count":0,"href":"https:\/\/www.ferotge.com\/cast\/wp-json\/wp\/v2\/pages\/248\/revisions"}],"wp:featuredmedia":[{"embeddable":true,"href":"https:\/\/www.ferotge.com\/cast\/wp-json\/wp\/v2\/media\/772"}],"wp:attachment":[{"href":"https:\/\/www.ferotge.com\/cast\/wp-json\/wp\/v2\/media?parent=248"}],"curies":[{"name":"wp","href":"https:\/\/api.w.org\/{rel}","templated":true}]}}