{"id":307,"date":"2020-07-06T12:12:15","date_gmt":"2020-07-06T11:12:15","guid":{"rendered":"http:\/\/www.ferotge.com\/?page_id=307"},"modified":"2022-03-09T07:26:46","modified_gmt":"2022-03-09T07:26:46","slug":"formacio-per-docents","status":"publish","type":"page","link":"https:\/\/www.ferotge.com\/cast\/formacio-per-docents\/","title":{"rendered":"FORMACI\u00d3N POR DOCENTES"},"content":{"rendered":"<p>[et_pb_section fb_built=&#8221;1&#8243; fullwidth=&#8221;on&#8221; _builder_version=&#8221;4.4.8&#8243; custom_padding=&#8221;0px||0px||false|false&#8221; global_colors_info=&#8221;{}&#8221;][et_pb_fullwidth_header title=&#8221;Curs &#8216;Formaci\u00f3 per docents'&#8221; text_orientation=&#8221;center&#8221; header_scroll_down=&#8221;on&#8221; scroll_down_icon=&#8221;%%0%%&#8221; scroll_down_icon_color=&#8221;#ffffff&#8221; scroll_down_icon_size=&#8221;36px&#8221; background_overlay_color=&#8221;rgba(0,0,0,0.28)&#8221; _builder_version=&#8221;4.14.8&#8243; subhead_font_size=&#8221;24px&#8221; background_color=&#8221;rgba(0,0,0,0)&#8221; background_image=&#8221;https:\/\/www.ferotge.com\/wp-content\/uploads\/2022\/03\/FOTO-2.jpg&#8221; custom_padding=&#8221;120px||120px||false|false&#8221; custom_padding_tablet=&#8221;90px||90px||false|false&#8221; custom_padding_phone=&#8221;60px||60px||false|false&#8221; custom_padding_last_edited=&#8221;on|phone&#8221; hover_enabled=&#8221;0&#8243; title_text_shadow_style=&#8221;preset3&#8243; global_colors_info=&#8221;{}&#8221; title_text=&#8221;FOTO 2&#8243; background_position=&#8221;top_center&#8221; sticky_enabled=&#8221;0&#8243;][\/et_pb_fullwidth_header][\/et_pb_section][et_pb_section fb_built=&#8221;1&#8243; _builder_version=&#8221;4.4.8&#8243; background_color=&#8221;#efede8&#8243; custom_padding=&#8221;30px||30px||false|false&#8221; global_colors_info=&#8221;{}&#8221;][et_pb_row column_structure=&#8221;1_3,2_3&#8243; _builder_version=&#8221;4.4.8&#8243; global_colors_info=&#8221;{}&#8221;][et_pb_column type=&#8221;1_3&#8243; _builder_version=&#8221;4.4.8&#8243; global_colors_info=&#8221;{}&#8221;][et_pb_image src=&#8221;https:\/\/www.ferotge.com\/wp-content\/uploads\/2020\/07\/provaweb.jpg&#8221; title_text=&#8221;provaweb&#8221; _builder_version=&#8221;4.4.8&#8243; global_colors_info=&#8221;{}&#8221;][\/et_pb_image][et_pb_button button_url=&#8221;https:\/\/www.ferotge.com\/wp-content\/uploads\/2020\/08\/CURS-PER-A-DOCENTS.pdf&#8221; url_new_window=&#8221;on&#8221; button_text=&#8221;Dossier PDF&#8221; _builder_version=&#8221;4.5.3&#8243; _module_preset=&#8221;default&#8221; custom_button=&#8221;on&#8221; button_text_color=&#8221;#ffffff&#8221; button_bg_color=&#8221;#f2460c&#8221; button_border_color=&#8221;#f2460c&#8221; locked=&#8221;off&#8221; global_colors_info=&#8221;{}&#8221;][\/et_pb_button][\/et_pb_column][et_pb_column type=&#8221;2_3&#8243; _builder_version=&#8221;4.4.8&#8243; global_colors_info=&#8221;{}&#8221;][et_pb_text _builder_version=&#8221;4.5.1&#8243; global_colors_info=&#8221;{}&#8221;]<\/p>\n<h2>Presentaci\u00f3<\/h2>\n<p>Aquest curs est\u00e0 especialment pensat per a professorat d\u2019arts esc\u00e8niques.<\/p>\n<p>La intenci\u00f3 \u00e9s donar les eines necess\u00e0ries\u00a0 per a conduir un proc\u00e9s de creaci\u00f3 col\u00b7lectiva en el context de l\u2019aula, aix\u00ed com de poder transmetre als alumnes els protocols que els ajudin a organitzar els seus propis processos en el present i en la seva futura vida professional, posant especial \u00e8mfasi en dos grans eixos de treball:<\/p>\n<p>\u2013\u00a0<strong>El continent<\/strong>: tot all\u00f2 que fa refer\u00e8ncia al grup com a organisme viu i mutable, desenvolupant una visi\u00f3 sist\u00e8mica de les relacions entre els membres d\u2019aquest i de com s\u2019organitzen les energies individuals dins del conjunt.<\/p>\n<p>\u2013\u00a0<strong>El contingut<\/strong>: on es treballaran t\u00e8cniques per a potenciar la creativitat i la capacitat d\u2019imaginar, tant amb el cos com amb la ment, tant des del conscient com des de l\u2019inconscient.<\/p>\n<h4><strong>ADRE\u00c7AT A<\/strong>: \u00a0<span style=\"text-decoration: line-through;\"><\/span><\/h4>\n<p>Actors, ballarins, artistes de circ i, principalment, a docents de qualsevol disciplina esc\u00e8nica. Aquest taller es pot programar a escoles privades o centres oficials d\u2019arts esc\u00e8niques, instituts de batxillerat esc\u00e8nic i centres de creaci\u00f3.<\/p>\n<h4><strong>DURADA DEL TALLER:<\/strong><\/h4>\n<p>Es planteja en dos formats diferents (adaptables a les necessitats espec\u00edfiques de cada programaci\u00f3 i cada centre)<\/p>\n<p>-Intensiu de\u00a0cap de setmana\u00a0(10\u202fh)<span style=\"text-decoration: line-through;\"><\/span><\/p>\n<p>-Cinc sessions consecutives (15\u202fh)<\/p>\n<h4><strong>DOCENT: <\/strong><\/h4>\n<p>Enric Ases Casamitjana<\/p>\n<p>[\/et_pb_text][\/et_pb_column][\/et_pb_row][et_pb_row column_structure=&#8221;1_4,1_2,1_4&#8243; _builder_version=&#8221;4.4.8&#8243; global_colors_info=&#8221;{}&#8221;][et_pb_column type=&#8221;1_4&#8243; _builder_version=&#8221;4.4.8&#8243; global_colors_info=&#8221;{}&#8221;][\/et_pb_column][et_pb_column type=&#8221;1_2&#8243; _builder_version=&#8221;4.4.8&#8243; global_colors_info=&#8221;{}&#8221;][et_pb_testimonial portrait_url=&#8221;https:\/\/www.ferotge.com\/wp-content\/uploads\/2020\/07\/elcirculoanimadoOOOO.jpg&#8221; _builder_version=&#8221;4.5.3&#8243; _module_preset=&#8221;default&#8221; author_font_size=&#8221;14px&#8221; position_font_size=&#8221;14px&#8221; animation_style=&#8221;slide&#8221; animation_direction=&#8221;right&#8221; global_colors_info=&#8221;{}&#8221;]<\/p>\n<p><em>Les nostres aspiracions personals davant el fet creatiu, aix\u00ed com les nostres capacitats com a artistes, procedeixen de m\u00faltiples, subtils i indefinibles nivells de l&#8217;\u00e0nima, i s\u00f3n diferents en cada persona. No tots som iguals. No tots podem, ni volem, ni sabem fer les mateixes coses.<\/em><\/p>\n<p>[\/et_pb_testimonial][et_pb_divider divider_position=&#8221;bottom&#8221; disabled_on=&#8221;on|off|off&#8221; _builder_version=&#8221;4.4.8&#8243; global_colors_info=&#8221;{}&#8221;][\/et_pb_divider][et_pb_cta title=&#8221;Si necessiteu m\u00e9s info&#8230;&#8221; button_url=&#8221;https:\/\/www.ferotge.com\/ca\/contacte\/&#8221; button_text=&#8221;Contacteu&#8221; _builder_version=&#8221;4.5.1&#8243; animation_style=&#8221;slide&#8221; animation_direction=&#8221;bottom&#8221; global_colors_info=&#8221;{}&#8221;]<\/p>\n<p>sobre com reservar el curs de <strong>Formaci\u00f3 per docents<\/strong><\/p>\n<p>[\/et_pb_cta][\/et_pb_column][et_pb_column type=&#8221;1_4&#8243; _builder_version=&#8221;4.4.8&#8243; global_colors_info=&#8221;{}&#8221;][\/et_pb_column][\/et_pb_row][\/et_pb_section]<\/p>\n","protected":false},"excerpt":{"rendered":"<p>Este curso est\u00e1 especialmente pensado para profesorado de artes esc\u00e9nicas, ya sea de escuelas de teatro o de bachilleratos art\u00edsticos. La intenci\u00f3n es dar las herramientas necesarias para conducir un proceso de creaci\u00f3n colectiva en el contexto del aula, as\u00ed como poder transmitir a los alumnos los protocolos que les ayuden a organizar sus propios procesos en el presente y en su futura vida profesional.<\/p>","protected":false},"author":1,"featured_media":1150,"parent":0,"menu_order":0,"comment_status":"closed","ping_status":"closed","template":"","meta":{"_et_pb_use_builder":"on","_et_pb_old_content":"","_et_gb_content_width":"","footnotes":""},"class_list":["post-307","page","type-page","status-publish","has-post-thumbnail","hentry"],"_links":{"self":[{"href":"https:\/\/www.ferotge.com\/cast\/wp-json\/wp\/v2\/pages\/307","targetHints":{"allow":["GET"]}}],"collection":[{"href":"https:\/\/www.ferotge.com\/cast\/wp-json\/wp\/v2\/pages"}],"about":[{"href":"https:\/\/www.ferotge.com\/cast\/wp-json\/wp\/v2\/types\/page"}],"author":[{"embeddable":true,"href":"https:\/\/www.ferotge.com\/cast\/wp-json\/wp\/v2\/users\/1"}],"replies":[{"embeddable":true,"href":"https:\/\/www.ferotge.com\/cast\/wp-json\/wp\/v2\/comments?post=307"}],"version-history":[{"count":0,"href":"https:\/\/www.ferotge.com\/cast\/wp-json\/wp\/v2\/pages\/307\/revisions"}],"wp:featuredmedia":[{"embeddable":true,"href":"https:\/\/www.ferotge.com\/cast\/wp-json\/wp\/v2\/media\/1150"}],"wp:attachment":[{"href":"https:\/\/www.ferotge.com\/cast\/wp-json\/wp\/v2\/media?parent=307"}],"curies":[{"name":"wp","href":"https:\/\/api.w.org\/{rel}","templated":true}]}}