{"id":726,"date":"2020-07-16T13:33:03","date_gmt":"2020-07-16T12:33:03","guid":{"rendered":"http:\/\/www.ferotge.com\/?page_id=726"},"modified":"2024-05-29T16:31:02","modified_gmt":"2024-05-29T15:31:02","slug":"publicacions","status":"publish","type":"page","link":"https:\/\/www.ferotge.com\/cast\/publicacions\/","title":{"rendered":"Publicaciones"},"content":{"rendered":"<p>[et_pb_section fb_built=&#8221;1&#8243; fullwidth=&#8221;on&#8221; _builder_version=&#8221;4.16&#8243; custom_padding=&#8221;0px||0px||false|false&#8221; global_colors_info=&#8221;{}&#8221;][et_pb_fullwidth_header title=&#8221;Publicacions&#8221; text_orientation=&#8221;center&#8221; header_scroll_down=&#8221;on&#8221; scroll_down_icon=&#8221;%%0%%&#8221; scroll_down_icon_color=&#8221;#ffffff&#8221; scroll_down_icon_size=&#8221;36px&#8221; background_overlay_color=&#8221;rgba(0,0,0,0.3)&#8221; _builder_version=&#8221;4.16&#8243; background_color=&#8221;rgba(0,0,0,0)&#8221; background_image=&#8221;https:\/\/www.ferotge.com\/wp-content\/uploads\/2020\/07\/tyler-callahan-e_RpjNyMgEM-unsplash-1.jpg&#8221; custom_padding=&#8221;120px||120px||false|false&#8221; custom_padding_tablet=&#8221;90px||90px||false|false&#8221; custom_padding_phone=&#8221;60px||60px||false|false&#8221; custom_padding_last_edited=&#8221;on|phone&#8221; title_text_shadow_style=&#8221;preset3&#8243; global_colors_info=&#8221;{}&#8221;][\/et_pb_fullwidth_header][\/et_pb_section][et_pb_section fb_built=&#8221;1&#8243; _builder_version=&#8221;4.16&#8243; background_color=&#8221;#efede8&#8243; custom_padding=&#8221;30px||30px||false|false&#8221; global_colors_info=&#8221;{}&#8221;][et_pb_row column_structure=&#8221;1_3,2_3&#8243; _builder_version=&#8221;4.16&#8243; global_colors_info=&#8221;{}&#8221;][et_pb_column type=&#8221;1_3&#8243; _builder_version=&#8221;4.16&#8243; global_colors_info=&#8221;{}&#8221;][et_pb_image src=&#8221;https:\/\/www.ferotge.com\/wp-content\/uploads\/2020\/07\/HOME.-post-llibre-web.jpg&#8221; title_text=&#8221;HOME.-post-llibre-web&#8221; url=&#8221;https:\/\/www.amazon.es\/s?k=creaci%C3%B3n+escenica+en+equipo.+el+circulo+animado&#038;i=stripbooks&#038;__mk_es_ES=%C3%85M%C3%85%C5%BD%C3%95%C3%91&#038;ref=nb_sb_noss&#8221; url_new_window=&#8221;on&#8221; _builder_version=&#8221;4.16&#8243; global_colors_info=&#8221;{}&#8221;][\/et_pb_image][et_pb_text _builder_version=&#8221;4.25.1&#8243; _module_preset=&#8221;default&#8221; hover_enabled=&#8221;0&#8243; global_colors_info=&#8221;{}&#8221; sticky_enabled=&#8221;0&#8243;]<strong>T\u00cdTOL:<span>\u00a0<\/span><\/strong><strong><em>\u201cCreaci\u00f3n esc\u00e9nica en equipo. El c\u00edrculo animado\u201d<\/em><\/strong><strong><\/strong><\/p>\n<p><strong>AUTOR:<span>\u00a0<\/span><\/strong>Enric Ases Casamitjana<\/p>\n<p><strong>IDIOMA:<span>\u00a0<\/span><\/strong>Castell\u00e0\/ Catal\u00e0<\/p>\n<p><strong>DATA DE PUBLICACI\u00d3:<\/strong><span>\u00a0<\/span>Octubre, 2019<\/p>\n<p><strong>ON TROBAR-LO:<span>\u00a0<\/span><\/strong>\u00a0<a href=\"https:\/\/www.amazon.es\/s?k=creaci%C3%B3n+escenica+en+equipo.+el+circulo+animado&amp;i=stripbooks&amp;__mk_es_ES=%C3%85M%C3%85%C5%BD%C3%95%C3%91&amp;ref=nb_sb_noss\" target=\"_blank\" rel=\"noopener noreferrer\">Amazon<\/a>[\/et_pb_text][\/et_pb_column][et_pb_column type=&#8221;2_3&#8243; _builder_version=&#8221;4.16&#8243; global_colors_info=&#8221;{}&#8221;][et_pb_text _builder_version=&#8221;4.16&#8243; global_colors_info=&#8221;{}&#8221;]<\/p>\n<h2>Presentaci\u00f3\u00a0<\/h2>\n<p><strong><em>\u201cCreaci\u00f3n esc\u00e9nica en equipo. El c\u00edrculo animado\u201d<span>\u00a0<\/span><\/em><\/strong>\u00e9s un llibre recomanable a tots aquells artistes interessats en processos de creaci\u00f3 en col.lectiu. Entre molts altres suggeriments, l\u2019autor planteja maneres de gestionar les din\u00e0miques internes dels col\u00b7lectius de creaci\u00f3 i sistematitza anal\u00edticament les diferents fases del proc\u00e9s. Proposa tamb\u00e9, pautes i protocols (experimentats, per\u00f2 convenientment oberts i adaptables) per desencallar moments dif\u00edcils de la creaci\u00f3 en equip. Pel cam\u00ed, comprenem les imprescindibles dosis de generositat que demana aquest sistema de treball i comprovem com una creaci\u00f3 en col\u00b7lectiu ens obliga a controlar els egos en benefici del projecte com\u00fa.<\/p>\n<p>Ens trobem davant d\u2019un exhaustiu contrast d\u2019inquietuds i experiments amb altres creadors esc\u00e8nics, professionals i pedagogs, el que d\u00f3na a l\u2019obra una visi\u00f3 panor\u00e0mica i polif\u00f2nica del tema.<\/p>\n<p>Fruit d\u2019anys de reflexi\u00f3,<span>\u00a0<\/span><strong><em>\u201cCreaci\u00f3n esc\u00e9nica en equipo. El c\u00edrculo animado\u201d<span>\u00a0<\/span><\/em><\/strong>\u00e9s una obra honesta i divulgativa, escrita amb un llenguatge i un estil directes i planers, una guia teoricopr\u00e0ctica, un endre\u00e7at cat\u00e0leg d\u2019experi\u00e8ncies en el complex\u00a0 territori de la creaci\u00f3 en col\u00b7lectiu.<\/p>\n<p>Ser\u00e0 una lectura tan \u00fatil com fascinant per a estudiants, companyies emergents o consolidades i per a tots els artistes i professionals dels diferents g\u00e8neres i \u00e0mbits de les arts esc\u00e8niques.<\/p>\n<p>[\/et_pb_text][et_pb_testimonial author=&#8221;Jordi Jan\u00e9&#8221; portrait_url=&#8221;https:\/\/www.ferotge.com\/wp-content\/uploads\/2020\/07\/elcirculoanimadoOOOO.jpg&#8221; _builder_version=&#8221;4.16&#8243; _module_preset=&#8221;default&#8221; author_font_size=&#8221;14px&#8221; position_font_size=&#8221;14px&#8221; animation_style=&#8221;slide&#8221; animation_direction=&#8221;right&#8221; global_colors_info=&#8221;{}&#8221;]<\/p>\n<p><em>\u201cCreaci\u00f3n esc\u00e9nica en equipo. El c\u00edrculo animado\u201d\u00a0\u00e9s molt m\u00e9s que un llibre necessari: \u00e9s una guia imprescindible.<\/em><\/p>\n<p>[\/et_pb_testimonial][et_pb_testimonial author=&#8221;Claret Papiol, clown i pedagog&#8221; portrait_url=&#8221;https:\/\/www.ferotge.com\/wp-content\/uploads\/2020\/07\/elcirculoanimadoOOOO.jpg&#8221; _builder_version=&#8221;4.16&#8243; _module_preset=&#8221;default&#8221; author_font_size=&#8221;14px&#8221; position_font_size=&#8221;14px&#8221; animation_style=&#8221;slide&#8221; animation_direction=&#8221;right&#8221; global_colors_info=&#8221;{}&#8221;]<\/p>\n<p><em>&#8220;Un manual pr\u00e0ctic\u00a0per a companyies i tamb\u00e9 per a les escoles de teatre on sovint la formaci\u00f3 \u00e9s \u00fanicament personalitzada i individualitzada. Una empenta i una motivaci\u00f3 per a crear. L&#8217;ess\u00e8ncia\u00a0de l&#8217;art\u00a0posada a l&#8217;abast de tothom.&#8221;<\/em><\/p>\n<p>[\/et_pb_testimonial][\/et_pb_column][\/et_pb_row][\/et_pb_section]<\/p>\n","protected":false},"excerpt":{"rendered":"<p>&quot;Creaci\u00f3n esc\u00e9nica en equipo. El c\u00edrculo animado&quot; es un libro recomendable a todos aquellos artistas interesados en procesos de creaci\u00f3n en colectivo. Entre otras muchas sugerencias, el autor plantea maneras de gestionar las din\u00e1micas internas de los colectivos de creaci\u00f3n y sistematiza anal\u00edticamente las diferentes fases del proceso. Propone tambi\u00e9n pautas y protocolos (experimentados, pero convenientemente abiertos y adaptables) para desatascar momentos dif\u00edciles de la creaci\u00f3n en equipo. Por el camino, comprendemos las imprescindibles dosis de generosidad que pide este sistema de trabajo y comprobamos c\u00f3mo una creaci\u00f3n en colectivo nos obliga a controlar los egos en beneficio del proyecto com\u00fan.<\/p>","protected":false},"author":1,"featured_media":756,"parent":0,"menu_order":0,"comment_status":"closed","ping_status":"closed","template":"","meta":{"_et_pb_use_builder":"on","_et_pb_old_content":"","_et_gb_content_width":"","footnotes":""},"class_list":["post-726","page","type-page","status-publish","has-post-thumbnail","hentry"],"_links":{"self":[{"href":"https:\/\/www.ferotge.com\/cast\/wp-json\/wp\/v2\/pages\/726","targetHints":{"allow":["GET"]}}],"collection":[{"href":"https:\/\/www.ferotge.com\/cast\/wp-json\/wp\/v2\/pages"}],"about":[{"href":"https:\/\/www.ferotge.com\/cast\/wp-json\/wp\/v2\/types\/page"}],"author":[{"embeddable":true,"href":"https:\/\/www.ferotge.com\/cast\/wp-json\/wp\/v2\/users\/1"}],"replies":[{"embeddable":true,"href":"https:\/\/www.ferotge.com\/cast\/wp-json\/wp\/v2\/comments?post=726"}],"version-history":[{"count":0,"href":"https:\/\/www.ferotge.com\/cast\/wp-json\/wp\/v2\/pages\/726\/revisions"}],"wp:featuredmedia":[{"embeddable":true,"href":"https:\/\/www.ferotge.com\/cast\/wp-json\/wp\/v2\/media\/756"}],"wp:attachment":[{"href":"https:\/\/www.ferotge.com\/cast\/wp-json\/wp\/v2\/media?parent=726"}],"curies":[{"name":"wp","href":"https:\/\/api.w.org\/{rel}","templated":true}]}}