{"id":39,"date":"2020-07-01T10:17:13","date_gmt":"2020-07-01T09:17:13","guid":{"rendered":"http:\/\/www.ferotge.com\/?page_id=39"},"modified":"2021-02-12T14:48:29","modified_gmt":"2021-02-12T14:48:29","slug":"serveis","status":"publish","type":"page","link":"https:\/\/www.ferotge.com\/cat\/serveis\/","title":{"rendered":"Serveis"},"content":{"rendered":"<p>[et_pb_section fb_built=&#8221;1&#8243; fullwidth=&#8221;on&#8221; _builder_version=&#8221;4.4.8&#8243;][et_pb_fullwidth_header title=&#8221;Serveis&#8221; text_orientation=&#8221;center&#8221; header_scroll_down=&#8221;on&#8221; scroll_down_icon=&#8221;%%0%%&#8221; scroll_down_icon_color=&#8221;#ffffff&#8221; scroll_down_icon_size=&#8221;36px&#8221; background_overlay_color=&#8221;rgba(0,0,0,0.13)&#8221; _builder_version=&#8221;4.5.1&#8243; content_font_size=&#8221;1.4em&#8221; content_line_height=&#8221;1.7em&#8221; background_color=&#8221;rgba(0,0,0,0)&#8221; background_image=&#8221;https:\/\/www.ferotge.com\/wp-content\/uploads\/2020\/07\/T4A3794.jpg&#8221; custom_padding=&#8221;120px||120px||false|false&#8221; title_text_shadow_style=&#8221;preset3&#8243;][\/et_pb_fullwidth_header][\/et_pb_section][et_pb_section fb_built=&#8221;1&#8243; _builder_version=&#8221;4.4.8&#8243; background_color=&#8221;#e0ded9&#8243; custom_padding=&#8221;12px||12px||false|false&#8221;][et_pb_row column_structure=&#8221;1_5,3_5,1_5&#8243; _builder_version=&#8221;4.4.8&#8243; width=&#8221;72%&#8221; max_width=&#8221;72%&#8221;][et_pb_column type=&#8221;1_5&#8243; _builder_version=&#8221;4.4.8&#8243;][et_pb_blurb use_icon=&#8221;on&#8221; font_icon=&#8221;%%3%%&#8221; use_icon_font_size=&#8221;on&#8221; icon_font_size=&#8221;60px&#8221; disabled_on=&#8221;on|on|off&#8221; _builder_version=&#8221;4.4.8&#8243; custom_padding=&#8221;48px||||false|false&#8221; custom_padding_tablet=&#8221;&#8221; custom_padding_phone=&#8221;&#8221; custom_padding_last_edited=&#8221;on|tablet&#8221;][\/et_pb_blurb][\/et_pb_column][et_pb_column type=&#8221;3_5&#8243; _builder_version=&#8221;4.4.8&#8243;][et_pb_text _builder_version=&#8221;4.5.1&#8243; text_text_color=&#8221;#000000&#8243; text_font_size=&#8221;18px&#8221;]<\/p>\n<h2 style=\"text-align: center;\">Eines (unes)<\/h2>\n<p style=\"text-align: left;\">Us\u00a0proposo diferents formats d\u2019acompanyament a la creaci\u00f3, adaptables a les caracter\u00edstiques i necessitats \u00a0de cada projecte: assessorament de processos de creaci\u00f3 en col.lectiu, formaci\u00f3 en metodologies de creaci\u00f3 en equip i direcci\u00f3 i dramat\u00fargia d\u2019espectacles de teatre, circ i dansa.<\/p>\n<p>[\/et_pb_text][\/et_pb_column][et_pb_column type=&#8221;1_5&#8243; _builder_version=&#8221;4.4.8&#8243;][et_pb_blurb use_icon=&#8221;on&#8221; font_icon=&#8221;%%2%%&#8221; use_icon_font_size=&#8221;on&#8221; icon_font_size=&#8221;60px&#8221; disabled_on=&#8221;on|on|off&#8221; _builder_version=&#8221;4.4.8&#8243; custom_padding=&#8221;48px||||false|false&#8221;][\/et_pb_blurb][\/et_pb_column][\/et_pb_row][\/et_pb_section][et_pb_section fb_built=&#8221;1&#8243; _builder_version=&#8221;4.4.8&#8243; background_color=&#8221;#efede8&#8243; custom_padding=&#8221;30px||30px||false|false&#8221; locked=&#8221;off&#8221;][et_pb_row column_structure=&#8221;1_3,2_3&#8243; _builder_version=&#8221;4.5.1&#8243; custom_padding=&#8221;||0px||false|false&#8221;][et_pb_column type=&#8221;1_3&#8243; _builder_version=&#8221;4.4.8&#8243;][et_pb_image src=&#8221;https:\/\/www.ferotge.com\/wp-content\/uploads\/2020\/07\/T4A3769bw.jpg&#8221; title_text=&#8221;_T4A3769bw&#8221; url=&#8221;https:\/\/www.ferotge.com\/cat\/assessorament\/&#8221; _builder_version=&#8221;4.5.1&#8243;][\/et_pb_image][\/et_pb_column][et_pb_column type=&#8221;2_3&#8243; _builder_version=&#8221;4.4.8&#8243;][et_pb_text _builder_version=&#8221;4.5.1&#8243; custom_margin=&#8221;||18px||false|false&#8221;]<\/p>\n<h2><a href=\"https:\/\/www.ferotge.com\/ca\/assessorament\/\">Assessorament a la Creaci\u00f3<\/a><\/h2>\n<p>La creaci\u00f3 en col\u00b7lectiu \u00e9s un mitj\u00e0 excepcional per a la investigaci\u00f3 de nous llenguatges esc\u00e8nics, contemporanis, \u00fanics i innovadors. Un m\u00e8tode que permet a tots els qui hi participen mostrar all\u00f2 de m\u00e9s aut\u00e8ntic, de m\u00e9s profund de si mateixos.<\/p>\n<p>I perqu\u00e8 aquests apassionants processos no s\u2019allarguin excessivament en el temps ni s\u2019encallin en conflictes personals, s\u2019hauran d\u2019organitzar de manera coherent, saludable i efectiva.<\/p>\n<p>Ofereixo, doncs, un acompanyament art\u00edstic en aspectes com: planificaci\u00f3 del treball, dramat\u00fargia, composici\u00f3 esc\u00e8nica i estructura, posant especial atenci\u00f3 en el context relacional intern de cada equip.<\/p>\n<p>Durant una s\u00e8rie d\u2019encontres s\u2019impulsar\u00e0 al col\u00b7lectiu cap a una major profunditat i concreci\u00f3 del seu projecte esc\u00e8nic.<\/p>\n<p>[\/et_pb_text][et_pb_button button_url=&#8221;https:\/\/www.ferotge.com\/cat\/assessorament\/&#8221; button_text=&#8221;Llegir m\u00e9s&#8230;&#8221; _builder_version=&#8221;4.5.1&#8243; custom_button=&#8221;on&#8221; button_text_color=&#8221;#ffffff&#8221; button_bg_color=&#8221;#f2460c&#8221; button_border_color=&#8221;#f2460c&#8221; custom_margin=&#8221;||24px||false|false&#8221; custom_padding=&#8221;||||false|false&#8221;][\/et_pb_button][\/et_pb_column][\/et_pb_row][et_pb_row _builder_version=&#8221;4.5.1&#8243; _module_preset=&#8221;default&#8221; custom_margin=&#8221;0px||0px||false|false&#8221; custom_padding=&#8221;0px||0px||false|false&#8221;][et_pb_column type=&#8221;4_4&#8243; _builder_version=&#8221;4.5.1&#8243; _module_preset=&#8221;default&#8221;][et_pb_divider divider_position=&#8221;center&#8221; _builder_version=&#8221;4.5.1&#8243; min_height=&#8221;10px&#8221;][\/et_pb_divider][\/et_pb_column][\/et_pb_row][et_pb_row column_structure=&#8221;1_3,2_3&#8243; _builder_version=&#8221;4.4.8&#8243;][et_pb_column type=&#8221;1_3&#8243; _builder_version=&#8221;4.4.8&#8243;][et_pb_image src=&#8221;https:\/\/www.ferotge.com\/wp-content\/uploads\/2020\/07\/foto-ENRIC-ASES-conferencia-.jpg&#8221; title_text=&#8221;foto-ENRIC-ASES-conferencia-&#8221; url=&#8221;https:\/\/www.ferotge.com\/cat\/formacio\/&#8221; _builder_version=&#8221;4.5.1&#8243;][\/et_pb_image][\/et_pb_column][et_pb_column type=&#8221;2_3&#8243; _builder_version=&#8221;4.4.8&#8243;][et_pb_text admin_label=&#8221;Text&#8221; _builder_version=&#8221;4.5.1&#8243;]<\/p>\n<h2><a href=\"https:\/\/www.ferotge.com\/ca\/formacio\/\">Formaci\u00f3<\/a><\/h2>\n<p>Cursos essencialment pr\u00e0ctics on els participants trobaran les eines necess\u00e0ries per conduir, organitzar i materialitzar un proc\u00e9s de creaci\u00f3 en equip sigui de teatre, circ o dansa.<\/p>\n<p>La intenci\u00f3 d\u2019aquests seminaris \u00e9s exposar protocols i maneres d\u2019organitzar un treball en col\u00b7lectiu perqu\u00e8 sigui flexible i exhaustiu alhora, aix\u00ed com sistematitzar-ne anal\u00edticament les diferents fases.<\/p>\n<p>[\/et_pb_text][et_pb_button button_url=&#8221;https:\/\/www.ferotge.com\/cat\/formacio\/&#8221; button_text=&#8221;Llegir m\u00e9s&#8230;&#8221; _builder_version=&#8221;4.5.1&#8243; custom_button=&#8221;on&#8221; button_text_color=&#8221;#ffffff&#8221; button_bg_color=&#8221;#f2460c&#8221; button_border_color=&#8221;#f2460c&#8221; custom_margin=&#8221;||24px||false|false&#8221; custom_padding=&#8221;||||false|false&#8221;][\/et_pb_button][\/et_pb_column][\/et_pb_row][et_pb_row _builder_version=&#8221;4.5.1&#8243; _module_preset=&#8221;default&#8221; custom_margin=&#8221;0px||0px||false|false&#8221; custom_padding=&#8221;0px||0px||false|false&#8221;][et_pb_column type=&#8221;4_4&#8243; _builder_version=&#8221;4.5.1&#8243; _module_preset=&#8221;default&#8221;][et_pb_divider divider_position=&#8221;center&#8221; _builder_version=&#8221;4.5.1&#8243; min_height=&#8221;10px&#8221;][\/et_pb_divider][\/et_pb_column][\/et_pb_row][et_pb_row column_structure=&#8221;1_3,2_3&#8243; _builder_version=&#8221;4.4.8&#8243;][et_pb_column type=&#8221;1_3&#8243; _builder_version=&#8221;4.4.8&#8243;][et_pb_image src=&#8221;https:\/\/www.ferotge.com\/wp-content\/uploads\/2020\/07\/laika-4e.jpg&#8221; title_text=&#8221;laika-4e&#8221; url=&#8221;https:\/\/www.ferotge.com\/cat\/direccio-i-dramaturgia\/&#8221; _builder_version=&#8221;4.5.1&#8243;][\/et_pb_image][\/et_pb_column][et_pb_column type=&#8221;2_3&#8243; _builder_version=&#8221;4.4.8&#8243;][et_pb_text _builder_version=&#8221;4.5.1&#8243;]<\/p>\n<h2><a href=\"https:\/\/www.ferotge.com\/cat\/direccio-i-dramaturgia\/\">Direcci\u00f3 i dramat\u00fargia<\/a><\/h2>\n<p>Acompanyament espec\u00edfic en la dramat\u00fargia i posada en escena de projectes art\u00edstics, des dels seus inicis fins a l\u2019estrena, participant en la gestaci\u00f3 de l\u2019espectacle.<\/p>\n<p>[\/et_pb_text][et_pb_divider show_divider=&#8221;off&#8221; _builder_version=&#8221;4.5.1&#8243; _module_preset=&#8221;default&#8221;][\/et_pb_divider][et_pb_testimonial portrait_url=&#8221;https:\/\/www.ferotge.com\/wp-content\/uploads\/2020\/07\/elcirculoanimadoOOOO.jpg&#8221; _builder_version=&#8221;4.5.1&#8243; _module_preset=&#8221;default&#8221; author_font_size=&#8221;14px&#8221; position_font_size=&#8221;14px&#8221; animation_style=&#8221;slide&#8221; animation_direction=&#8221;right&#8221;]<\/p>\n<p><em>Entenc que la funci\u00f3 d\u2019un director en un proc\u00e9s de creaci\u00f3 en col\u00b7lectiu \u00e9s ajudar a desvelar les intencions profundes de cada companyia (de la que pot, o no, formar-ne part). Mai treballar per imposar les seves idees, gustos o prefer\u00e8ncies.\u00a0<\/em><\/p>\n<p>[\/et_pb_testimonial][et_pb_button button_url=&#8221;https:\/\/www.ferotge.com\/cat\/direccio-i-dramaturgia\/&#8221; button_text=&#8221;Llegir m\u00e9s&#8230;&#8221; _builder_version=&#8221;4.5.1&#8243; custom_button=&#8221;on&#8221; button_text_color=&#8221;#ffffff&#8221; button_bg_color=&#8221;#f2460c&#8221; button_border_color=&#8221;#f2460c&#8221; custom_margin=&#8221;||0px||false|false&#8221; custom_padding=&#8221;||||false|false&#8221;][\/et_pb_button][\/et_pb_column][\/et_pb_row][et_pb_row _builder_version=&#8221;4.5.1&#8243; _module_preset=&#8221;default&#8221; custom_margin=&#8221;0px||0px||false|false&#8221; custom_padding=&#8221;0px||0px||false|false&#8221;][et_pb_column type=&#8221;4_4&#8243; _builder_version=&#8221;4.5.1&#8243; _module_preset=&#8221;default&#8221;][et_pb_divider divider_position=&#8221;center&#8221; _builder_version=&#8221;4.5.1&#8243; min_height=&#8221;10px&#8221;][\/et_pb_divider][\/et_pb_column][\/et_pb_row][et_pb_row column_structure=&#8221;1_4,1_2,1_4&#8243; _builder_version=&#8221;4.5.1&#8243; custom_padding=&#8221;||||false|false&#8221;][et_pb_column type=&#8221;1_4&#8243; _builder_version=&#8221;4.4.8&#8243;][\/et_pb_column][et_pb_column type=&#8221;1_2&#8243; _builder_version=&#8221;4.4.8&#8243;][et_pb_cta title=&#8221;Si necessiteu m\u00e9s info&#8230;&#8221; button_url=&#8221;https:\/\/www.ferotge.com\/cat\/contacte\/&#8221; button_text=&#8221;Contacteu&#8221; _builder_version=&#8221;4.5.1&#8243; animation_style=&#8221;slide&#8221; animation_direction=&#8221;bottom&#8221;]Sobre els serveis d&#8217;acompanyament de processos de creaci\u00f3 en col.lectiu[\/et_pb_cta][\/et_pb_column][et_pb_column type=&#8221;1_4&#8243; _builder_version=&#8221;4.4.8&#8243;][\/et_pb_column][\/et_pb_row][et_pb_row _builder_version=&#8221;4.7.7&#8243; _module_preset=&#8221;default&#8221; column_structure=&#8221;1_5,3_5,1_5&#8243; hover_enabled=&#8221;0&#8243; sticky_enabled=&#8221;0&#8243; width=&#8221;72%&#8221; max_width=&#8221;72%&#8221;][et_pb_column _builder_version=&#8221;4.7.7&#8243; _module_preset=&#8221;default&#8221; type=&#8221;1_5&#8243;][\/et_pb_column][et_pb_column _builder_version=&#8221;4.7.7&#8243; _module_preset=&#8221;default&#8221; type=&#8221;3_5&#8243;][et_pb_divider _builder_version=&#8221;4.7.7&#8243; _module_preset=&#8221;default&#8221; divider_position=&#8221;center&#8221; hover_enabled=&#8221;0&#8243; sticky_enabled=&#8221;0&#8243;][\/et_pb_divider][et_pb_text _builder_version=&#8221;4.7.7&#8243; _module_preset=&#8221;default&#8221; text_font_size=&#8221;0.9em&#8221; text_line_height=&#8221;1.4em&#8221; hover_enabled=&#8221;0&#8243; sticky_enabled=&#8221;0&#8243;]<\/p>\n<p><em>*(Credits de la fotografia de la cap\u00e7alera: Mireia Plans. Imatge de l&#8217;espectacle &#8220;Desde el fuego&#8221; dirigit per Andr\u00e9s Waksman. Actors que hi apareixen : Federico Cust\u00f3dio, Sandra Sales, Neus Ferrer, Carlos Mezzino, Susana Fawaz, Miguel Franganillo, Maria Luisa Garc\u00eda, Montse G Romeu.)<\/em><br \/> .<\/p>\n<p>[\/et_pb_text][\/et_pb_column][et_pb_column _builder_version=&#8221;4.7.7&#8243; _module_preset=&#8221;default&#8221; type=&#8221;1_5&#8243;][\/et_pb_column][\/et_pb_row][\/et_pb_section]<\/p>\n","protected":false},"excerpt":{"rendered":"<p>Ferotge! ofereix un acompanyament art\u00edstic durant la creaci\u00f3, en aspectes com: organitzaci\u00f3 interna, dramat\u00fargia, composici\u00f3 esc\u00e8nica i estructura narrativa, posant especial atenci\u00f3 en el context relacional intern de cada equip.<\/p>\n","protected":false},"author":1,"featured_media":1124,"parent":0,"menu_order":0,"comment_status":"closed","ping_status":"closed","template":"","meta":{"_et_pb_use_builder":"on","_et_pb_old_content":"","_et_gb_content_width":"","footnotes":""},"class_list":["post-39","page","type-page","status-publish","has-post-thumbnail","hentry"],"_links":{"self":[{"href":"https:\/\/www.ferotge.com\/cat\/wp-json\/wp\/v2\/pages\/39","targetHints":{"allow":["GET"]}}],"collection":[{"href":"https:\/\/www.ferotge.com\/cat\/wp-json\/wp\/v2\/pages"}],"about":[{"href":"https:\/\/www.ferotge.com\/cat\/wp-json\/wp\/v2\/types\/page"}],"author":[{"embeddable":true,"href":"https:\/\/www.ferotge.com\/cat\/wp-json\/wp\/v2\/users\/1"}],"replies":[{"embeddable":true,"href":"https:\/\/www.ferotge.com\/cat\/wp-json\/wp\/v2\/comments?post=39"}],"version-history":[{"count":0,"href":"https:\/\/www.ferotge.com\/cat\/wp-json\/wp\/v2\/pages\/39\/revisions"}],"wp:featuredmedia":[{"embeddable":true,"href":"https:\/\/www.ferotge.com\/cat\/wp-json\/wp\/v2\/media\/1124"}],"wp:attachment":[{"href":"https:\/\/www.ferotge.com\/cat\/wp-json\/wp\/v2\/media?parent=39"}],"curies":[{"name":"wp","href":"https:\/\/api.w.org\/{rel}","templated":true}]}}