{"id":783,"date":"2020-07-17T11:56:47","date_gmt":"2020-07-17T10:56:47","guid":{"rendered":"http:\/\/www.ferotge.com\/?page_id=783"},"modified":"2020-12-18T11:55:46","modified_gmt":"2020-12-18T11:55:46","slug":"direccio-i-dramaturgia","status":"publish","type":"page","link":"https:\/\/www.ferotge.com\/cat\/direccio-i-dramaturgia\/","title":{"rendered":"Direcci\u00f3 i dramat\u00fargia"},"content":{"rendered":"<p>[et_pb_section fb_built=&#8221;1&#8243; fullwidth=&#8221;on&#8221; _builder_version=&#8221;4.4.8&#8243; custom_padding=&#8221;0px||0px||false|false&#8221;][et_pb_fullwidth_header title=&#8221;Direcci\u00f3 i dramat\u00fargia&#8221; text_orientation=&#8221;center&#8221; header_scroll_down=&#8221;on&#8221; scroll_down_icon=&#8221;%%0%%&#8221; scroll_down_icon_color=&#8221;#ffffff&#8221; scroll_down_icon_size=&#8221;36px&#8221; background_overlay_color=&#8221;rgba(0,0,0,0.28)&#8221; _builder_version=&#8221;4.5.1&#8243; background_color=&#8221;rgba(0,0,0,0)&#8221; background_image=&#8221;https:\/\/www.ferotge.com\/wp-content\/uploads\/2020\/07\/5-2web.jpg&#8221; custom_padding=&#8221;120px||120px||false|false&#8221; custom_padding_tablet=&#8221;90px||90px||false|false&#8221; custom_padding_phone=&#8221;60px||60px||false|false&#8221; custom_padding_last_edited=&#8221;on|phone&#8221; title_text_shadow_style=&#8221;preset3&#8243;][\/et_pb_fullwidth_header][\/et_pb_section][et_pb_section fb_built=&#8221;1&#8243; _builder_version=&#8221;4.4.8&#8243; background_color=&#8221;#efede8&#8243; custom_padding=&#8221;30px||30px||false|false&#8221;][et_pb_row column_structure=&#8221;1_2,1_2&#8243; _builder_version=&#8221;4.4.8&#8243;][et_pb_column type=&#8221;1_2&#8243; _builder_version=&#8221;4.4.8&#8243;][et_pb_image src=&#8221;https:\/\/www.ferotge.com\/wp-content\/uploads\/2020\/07\/laika-6.jpg&#8221; title_text=&#8221;laika-6&#8243; show_in_lightbox=&#8221;on&#8221; _builder_version=&#8221;4.5.1&#8243; _module_preset=&#8221;default&#8221;][\/et_pb_image][\/et_pb_column][et_pb_column type=&#8221;1_2&#8243; _builder_version=&#8221;4.4.8&#8243;][et_pb_text _builder_version=&#8221;4.5.1&#8243;]<\/p>\n<h2>Presentaci\u00f3<\/h2>\n<p>M\u00e9s enll\u00e0 de l&#8217;acompanyament de processos, en\u00a0circumst\u00e0ncies\u00a0especifiques, Enric\u00a0Ases\u00a0assumeix\u00a0tamb\u00e9 les tasques de director i\/o\u00a0dramaturg\u00a0en muntatges de creaci\u00f3\u00a0col.lectiva, de teatre, dansa i circ.<\/p>\n<p>La seva participaci\u00f3 en cada projecte dependr\u00e0 de les necessitats espec\u00edfiques\u00a0del mateix. Pot ser ja des de l&#8217;inici del muntatge, o espaiada en el temps, per treballar puntualment sobre els materials que els actors han preparat en solitari.<\/p>\n<h2>Com ?<\/h2>\n<p>La funci\u00f3 principal del director\/dramaturg en aquesta mena de processos \u00e9s facilitar les condicions perqu\u00e8 els actors sentin la llibertat absoluta d&#8217;investigar, d&#8217;implicar-se profundament en el vertigen de la creaci\u00f3,\u00a0\u00e9s\u00a0a dir, de propiciar una atmosfera en la qual puguin &#8220;succeir coses&#8221;.\u00a0<span style=\"background-color: #efede8; font-size: 16px;\">Improvisacions i pluges d&#8217;idees aniran, de mica en mica, definint els continguts i l&#8217;estructura de l&#8217;espectacle.<\/span><\/p>\n<p>Quan aquesta etapa d&#8217;investigaci\u00f3 i recerca s&#8217;hagi completat, caldr\u00e0\u00a0 fixar, assajar i encarar la posada en escena, perqu\u00e8 tot all\u00f2 que s&#8217;ha trobat\u00a0durant el proc\u00e8s\u00a0acabi prenent la seva forma definitiva.<\/p>\n<p>Entenc doncs aquest director\/dramaturg com la persona responsable de &#8220;<em>vetllar per la solidesa i la coher\u00e8ncia est\u00e8tica general de la pe\u00e7a (encara que la intenci\u00f3 de coher\u00e8ncia desitjada sigui la incoher\u00e8ncia)&#8221;<\/em> en paraules d&#8217;Andr\u00e9\u00a0Lepekci.<\/p>\n<p>[\/et_pb_text][\/et_pb_column][\/et_pb_row][et_pb_row column_structure=&#8221;1_4,1_2,1_4&#8243; _builder_version=&#8221;4.4.8&#8243;][et_pb_column type=&#8221;1_4&#8243; _builder_version=&#8221;4.4.8&#8243;][\/et_pb_column][et_pb_column type=&#8221;1_2&#8243; _builder_version=&#8221;4.4.8&#8243;][et_pb_cta title=&#8221;Si necessiteu m\u00e9s info&#8230;&#8221; button_url=&#8221;https:\/\/www.ferotge.com\/ca\/contacte\/&#8221; button_text=&#8221;Contacteu&#8221; _builder_version=&#8221;4.5.1&#8243; animation_style=&#8221;slide&#8221; animation_direction=&#8221;bottom&#8221;]<\/p>\n<p>Sobre\u00a0direcci\u00f3 i damat\u00fargia<\/p>\n<p>[\/et_pb_cta][\/et_pb_column][et_pb_column type=&#8221;1_4&#8243; _builder_version=&#8221;4.4.8&#8243;][\/et_pb_column][\/et_pb_row][\/et_pb_section]<\/p>\n","protected":false},"excerpt":{"rendered":"<p>M\u00e9s enll\u00e0 de l\u2019acompanyament de processos, en circumst\u00e0ncies especifiques, Enric Ases assumeix tamb\u00e9 les tasques de director i\/o dramaturg en muntatges de creaci\u00f3 col.lectiva, de teatre i circ.<\/p>\n","protected":false},"author":1,"featured_media":201,"parent":0,"menu_order":0,"comment_status":"closed","ping_status":"closed","template":"","meta":{"_et_pb_use_builder":"on","_et_pb_old_content":"","_et_gb_content_width":"","footnotes":""},"class_list":["post-783","page","type-page","status-publish","has-post-thumbnail","hentry"],"_links":{"self":[{"href":"https:\/\/www.ferotge.com\/cat\/wp-json\/wp\/v2\/pages\/783","targetHints":{"allow":["GET"]}}],"collection":[{"href":"https:\/\/www.ferotge.com\/cat\/wp-json\/wp\/v2\/pages"}],"about":[{"href":"https:\/\/www.ferotge.com\/cat\/wp-json\/wp\/v2\/types\/page"}],"author":[{"embeddable":true,"href":"https:\/\/www.ferotge.com\/cat\/wp-json\/wp\/v2\/users\/1"}],"replies":[{"embeddable":true,"href":"https:\/\/www.ferotge.com\/cat\/wp-json\/wp\/v2\/comments?post=783"}],"version-history":[{"count":0,"href":"https:\/\/www.ferotge.com\/cat\/wp-json\/wp\/v2\/pages\/783\/revisions"}],"wp:featuredmedia":[{"embeddable":true,"href":"https:\/\/www.ferotge.com\/cat\/wp-json\/wp\/v2\/media\/201"}],"wp:attachment":[{"href":"https:\/\/www.ferotge.com\/cat\/wp-json\/wp\/v2\/media?parent=783"}],"curies":[{"name":"wp","href":"https:\/\/api.w.org\/{rel}","templated":true}]}}