{"id":267,"date":"2020-07-04T23:54:24","date_gmt":"2020-07-04T22:54:24","guid":{"rendered":"http:\/\/www.ferotge.com\/?page_id=267"},"modified":"2024-05-29T16:29:10","modified_gmt":"2024-05-29T15:29:10","slug":"processos-de-creaccio-en-col-lectiu","status":"publish","type":"page","link":"https:\/\/www.ferotge.com\/en\/processos-de-creaccio-en-col-lectiu\/","title":{"rendered":"Collective Creation Processes"},"content":{"rendered":"<p>[et_pb_section fb_built=&#8221;1&#8243; fullwidth=&#8221;on&#8221; _builder_version=&#8221;4.16&#8243; custom_padding=&#8221;0px||0px||false|false&#8221; global_colors_info=&#8221;{}&#8221;][et_pb_fullwidth_header title=&#8221;Taller \u2018Processos de Creacci\u00f3 en Col.lectiu\u2019&#8221; text_orientation=&#8221;center&#8221; header_scroll_down=&#8221;on&#8221; scroll_down_icon=&#8221;%%0%%&#8221; scroll_down_icon_color=&#8221;#ffffff&#8221; scroll_down_icon_size=&#8221;36px&#8221; background_overlay_color=&#8221;rgba(0,0,0,0.28)&#8221; _builder_version=&#8221;4.25.1&#8243; subhead_font_size=&#8221;24px&#8221; background_color=&#8221;rgba(0,0,0,0)&#8221; background_image=&#8221;https:\/\/www.ferotge.com\/wp-content\/uploads\/2024\/05\/IMG_8828.jpg&#8221; custom_padding=&#8221;120px||120px||false|false&#8221; custom_padding_tablet=&#8221;90px||90px||false|false&#8221; custom_padding_phone=&#8221;60px||60px||false|false&#8221; custom_padding_last_edited=&#8221;on|phone&#8221; hover_enabled=&#8221;0&#8243; title_text_shadow_style=&#8221;preset3&#8243; global_colors_info=&#8221;{}&#8221; title_text=&#8221;IMG_8828&#8243; background_position=&#8221;top_right&#8221; sticky_enabled=&#8221;0&#8243;][\/et_pb_fullwidth_header][\/et_pb_section][et_pb_section fb_built=&#8221;1&#8243; _builder_version=&#8221;4.16&#8243; background_color=&#8221;#efede8&#8243; custom_padding=&#8221;30px||30px||false|false&#8221; global_colors_info=&#8221;{}&#8221;][et_pb_row column_structure=&#8221;1_3,2_3&#8243; _builder_version=&#8221;4.16&#8243; global_colors_info=&#8221;{}&#8221;][et_pb_column type=&#8221;1_3&#8243; _builder_version=&#8221;4.16&#8243; global_colors_info=&#8221;{}&#8221;][et_pb_image src=&#8221;https:\/\/www.ferotge.com\/wp-content\/uploads\/2022\/03\/foto-1.jpg&#8221; title_text=&#8221;foto 1&#8243; _builder_version=&#8221;4.16&#8243; filter_saturate=&#8221;0%&#8221; filter_brightness=&#8221;99%&#8221; filter_contrast=&#8221;120%&#8221; global_colors_info=&#8221;{}&#8221;][\/et_pb_image][et_pb_button button_url=&#8221;https:\/\/www.ferotge.com\/wp-content\/uploads\/2020\/07\/Processos-de-creacio-1.pdf&#8221; url_new_window=&#8221;on&#8221; button_text=&#8221;Dossier PDF&#8221; _builder_version=&#8221;4.16&#8243; _module_preset=&#8221;default&#8221; custom_button=&#8221;on&#8221; button_text_color=&#8221;#ffffff&#8221; button_bg_color=&#8221;#f2460c&#8221; button_border_color=&#8221;#f2460c&#8221; global_colors_info=&#8221;{}&#8221;][\/et_pb_button][\/et_pb_column][et_pb_column type=&#8221;2_3&#8243; _builder_version=&#8221;4.16&#8243; global_colors_info=&#8221;{}&#8221;][et_pb_text _builder_version=&#8221;4.16&#8243; custom_padding=&#8221;||0px|||&#8221; global_colors_info=&#8221;{}&#8221;]<\/p>\n<h2>Presentaci\u00f3<\/h2>\n<p>M\u00e9s enll\u00e0 de l\u2019estructura jerarquitzada del teatre tradicional,\u00a0el teatre de creaci\u00f3 en col.lectiu permet a tots aquells que hi participen involucrar-se en un treball transversal, sincr\u00f2nic i multidisciplinari. Tothom ha de ser capa\u00e7 d\u2019imaginar, de crear els materials dram\u00e0tics i de participar activament en les diferents etapes de l\u2019obra. Un m\u00e8tode de treball on s\u00f3n necess\u00e0ries grans dosis de generositat i respecte mutu i on caldr\u00e0 que tothom focalitzi el seu talent, les seves expectatives i necessitats en benefici del projecte com\u00fa.<\/p>\n<p>La intenci\u00f3 d\u2019aquest curs \u00e9s exposar pautes, protocols i maneres d\u2019organitzar\u00a0 un proc\u00e9s de creaci\u00f3 en col.lectiu perqu\u00e8 sigui flexible i exhaustiu alhora, aix\u00ed com sistematitzar anal\u00edticament les diferents fases d\u2019aquest, conjugant catarsi creativa, m\u00e8tode i rigor.<\/p>\n<p>[\/et_pb_text][et_pb_text _builder_version=&#8221;4.16&#8243; _module_preset=&#8221;default&#8221; global_colors_info=&#8221;{}&#8221;]<\/p>\n<h4><strong>ADRE\u00c7AT A<\/strong>:<span style=\"text-decoration: line-through;\"><\/span><\/h4>\n<p>Actors, ballarins, artistes de circ, docents i estudiants de qualsevol disciplina esc\u00e8nica. Aquest taller es pot programar a escoles privades o centres oficials d\u2019arts esc\u00e8niques, festivals de teatre i centres de creaci\u00f3.<\/p>\n<h4><strong>DURADA DEL TALLER:<\/strong><\/h4>\n<p>Es planteja en diferents formats (adaptables a les necessitats espec\u00edfiques de cada programaci\u00f3 i cada centre)<\/p>\n<p>-Intensiu de\u00a0cap de setmana\u00a0(10\u202fh)<span style=\"text-decoration: line-through;\"><\/span><\/p>\n<p>-Cinc sessions consecutives (15\u202fh)<\/p>\n<p>-Una sessi\u00f3 a la setmana (3 h), durant tot el curs lectiu<\/p>\n<h4><strong>DOCENT: <\/strong><\/h4>\n<p>Enric Ases Casamitjana<\/p>\n<p>[\/et_pb_text][\/et_pb_column][\/et_pb_row][et_pb_row column_structure=&#8221;1_4,1_2,1_4&#8243; _builder_version=&#8221;4.16&#8243; global_colors_info=&#8221;{}&#8221;][et_pb_column type=&#8221;1_4&#8243; _builder_version=&#8221;4.16&#8243; global_colors_info=&#8221;{}&#8221;][\/et_pb_column][et_pb_column type=&#8221;1_2&#8243; _builder_version=&#8221;4.16&#8243; global_colors_info=&#8221;{}&#8221;][et_pb_testimonial portrait_url=&#8221;https:\/\/www.ferotge.com\/wp-content\/uploads\/2020\/07\/elcirculoanimadoOOOO.jpg&#8221; _builder_version=&#8221;4.16&#8243; _module_preset=&#8221;default&#8221; author_font_size=&#8221;14px&#8221; position_font_size=&#8221;14px&#8221; animation_style=&#8221;slide&#8221; animation_direction=&#8221;right&#8221; global_colors_info=&#8221;{}&#8221;]<\/p>\n<p><em>Una creaci\u00f3 en\u00a0<span>col.lectiu<\/span>\u00a0\u00e9s un microcosmos que, quan palpita equilibradament, pot arribar a produir obres d&#8217;una bellesa i una intensitat extraordin\u00e0ries. Per\u00f2 \u00e9s imprescindible tenir en compte que les condicions naturals d&#8217;aquest\u00a0tipus\u00a0de processos s\u00f3n el contrast i la diversitat, la fricci\u00f3 entre les diferents personalitats, desitjos, passions, intencions i expectatives de tots aquells que hi participen. El repte consisteix a posar aquesta diversitat, aquest \u00abintricat joc de depend\u00e8ncia-independ\u00e8ncia que oscil\u00b7la entre liderar i cooperar, entre impermeabilitat i porositat.\u00bb\u00a0<span>a<\/span>l servei d&#8217;un projecte com\u00fa. (en paraules d&#8217;<span>Ant\u00f4nio<\/span>\u00a0<span>Ara\u00fajo<\/span>)<\/em><\/p>\n<p>[\/et_pb_testimonial][et_pb_divider divider_position=&#8221;bottom&#8221; disabled_on=&#8221;on|off|off&#8221; _builder_version=&#8221;4.16&#8243; global_colors_info=&#8221;{}&#8221;][\/et_pb_divider][et_pb_cta title=&#8221;Si necessiteu m\u00e9s info&#8230;&#8221; button_url=&#8221;#&#8221; button_text=&#8221;Contacta&#8221; _builder_version=&#8221;4.16&#8243; animation_style=&#8221;slide&#8221; animation_direction=&#8221;bottom&#8221; global_colors_info=&#8221;{}&#8221;]<\/p>\n<p>Si teniu qualsevol dubte o voleu m\u00e9s informaci\u00f3 del taller<\/p>\n<p>[\/et_pb_cta][\/et_pb_column][et_pb_column type=&#8221;1_4&#8243; _builder_version=&#8221;4.16&#8243; global_colors_info=&#8221;{}&#8221;][\/et_pb_column][\/et_pb_row][\/et_pb_section]<\/p>\n","protected":false},"excerpt":{"rendered":"<p>The intention of this course is to present guidelines, protocols and ways of organizing a collective creation process so that it is flexible and exhaustive at the same time, as well as analytically systematizing the different phases of it, combining creative catharsis, method and rigor.<\/p>","protected":false},"author":1,"featured_media":200,"parent":0,"menu_order":0,"comment_status":"closed","ping_status":"closed","template":"","meta":{"_et_pb_use_builder":"on","_et_pb_old_content":"","_et_gb_content_width":"","footnotes":""},"class_list":["post-267","page","type-page","status-publish","has-post-thumbnail","hentry"],"_links":{"self":[{"href":"https:\/\/www.ferotge.com\/en\/wp-json\/wp\/v2\/pages\/267","targetHints":{"allow":["GET"]}}],"collection":[{"href":"https:\/\/www.ferotge.com\/en\/wp-json\/wp\/v2\/pages"}],"about":[{"href":"https:\/\/www.ferotge.com\/en\/wp-json\/wp\/v2\/types\/page"}],"author":[{"embeddable":true,"href":"https:\/\/www.ferotge.com\/en\/wp-json\/wp\/v2\/users\/1"}],"replies":[{"embeddable":true,"href":"https:\/\/www.ferotge.com\/en\/wp-json\/wp\/v2\/comments?post=267"}],"version-history":[{"count":0,"href":"https:\/\/www.ferotge.com\/en\/wp-json\/wp\/v2\/pages\/267\/revisions"}],"wp:featuredmedia":[{"embeddable":true,"href":"https:\/\/www.ferotge.com\/en\/wp-json\/wp\/v2\/media\/200"}],"wp:attachment":[{"href":"https:\/\/www.ferotge.com\/en\/wp-json\/wp\/v2\/media?parent=267"}],"curies":[{"name":"wp","href":"https:\/\/api.w.org\/{rel}","templated":true}]}}