{"id":61,"date":"2020-07-01T11:22:31","date_gmt":"2020-07-01T10:22:31","guid":{"rendered":"http:\/\/www.ferotge.com\/?page_id=61"},"modified":"2021-10-12T10:54:48","modified_gmt":"2021-10-12T09:54:48","slug":"nosaltres","status":"publish","type":"page","link":"https:\/\/www.ferotge.com\/en\/nosaltres\/","title":{"rendered":"Nosaltres"},"content":{"rendered":"<p>[et_pb_section fb_built=&#8221;1&#8243; fullwidth=&#8221;on&#8221; _builder_version=&#8221;4.4.8&#8243; custom_padding=&#8221;0px||0px||false|false&#8221; global_colors_info=&#8221;{}&#8221;][et_pb_fullwidth_header title=&#8221;Qui s\u00f3c?&#8221; text_orientation=&#8221;center&#8221; header_scroll_down=&#8221;on&#8221; scroll_down_icon=&#8221;%%0%%&#8221; scroll_down_icon_color=&#8221;#ffffff&#8221; scroll_down_icon_size=&#8221;36px&#8221; background_overlay_color=&#8221;rgba(0,0,0,0.28)&#8221; _builder_version=&#8221;4.11.2&#8243; background_color=&#8221;rgba(0,0,0,0)&#8221; background_image=&#8221;https:\/\/www.ferotge.com\/wp-content\/uploads\/2020\/07\/enricmariachi001.jpg&#8221; background_position=&#8221;top_center&#8221; custom_padding=&#8221;120px||120px||false|false&#8221; custom_padding_tablet=&#8221;90px||90px||false|false&#8221; custom_padding_phone=&#8221;60px||60px||false|false&#8221; custom_padding_last_edited=&#8221;on|phone&#8221; title_text_shadow_style=&#8221;preset3&#8243; global_colors_info=&#8221;{}&#8221;][\/et_pb_fullwidth_header][\/et_pb_section][et_pb_section fb_built=&#8221;1&#8243; _builder_version=&#8221;4.4.8&#8243; background_color=&#8221;#efede8&#8243; custom_padding=&#8221;30px||30px||false|false&#8221; global_colors_info=&#8221;{}&#8221;][et_pb_row column_structure=&#8221;3_5,2_5&#8243; _builder_version=&#8221;4.4.8&#8243; global_colors_info=&#8221;{}&#8221;][et_pb_column type=&#8221;3_5&#8243; _builder_version=&#8221;4.4.8&#8243; global_colors_info=&#8221;{}&#8221;][et_pb_text _builder_version=&#8221;4.5.3&#8243; global_colors_info=&#8221;{}&#8221;]<\/p>\n<h1><span style=\"font-size: 16px; color: #161616;\">\u00a0<\/span><span style=\"font-size: 36px;\">Enric Ases<\/span><\/h1>\n<p><em><\/em><\/p>\n<p>Actor, director i autor teatral, ha treballat en companyies tan diverses com La Fura dels Baus, Tricicle, Teatre de Guerrilla o\u00a0Malpelo.<\/p>\n<p>Ha estat membre i\u00a0co-fundador de formacions emblem\u00e0tiques com\u00a0Zotal\u00a0Teatre,\u00a0Los\u00a0Los\u00a0i\u00a0Los\u00a0Dos\u00a0Los\u00a0rebent\u00a0nombrosos premis al llarg de la seva carrera.\u00a0El 2019\u00a0publica &#8216;<strong>Creaci\u00f3n\u00a0esc\u00e9nica\u00a0en equipo. El\u00a0c\u00edrculo\u00a0animado&#8217;,<\/strong>\u00a0assaig sobre\u00a0metodologies de processos\u00a0de creaci\u00f3.<\/p>\n<p>Actualment\u00a0compagina la seva faceta\u00a0com a\u00a0actor amb l&#8217;acompanyament de diferents i variats projectes esc\u00e8nics i imparteix cursos a l&#8217;Escola\u00a0Universit\u00e0ria\u00a0de Girona (ERAM) i\u00a0 a l&#8217;Institut del Teatre de Vic.<\/p>\n<p>En els darrers anys s&#8217;ha especialitzat en l&#8217;assessorament de processos de creaci\u00f3.<\/p>\n<p>[\/et_pb_text][\/et_pb_column][et_pb_column type=&#8221;2_5&#8243; _builder_version=&#8221;4.4.8&#8243; global_colors_info=&#8221;{}&#8221;][et_pb_image src=&#8221;https:\/\/www.ferotge.com\/wp-content\/uploads\/2020\/07\/11web.jpg&#8221; title_text=&#8221;11web&#8221; show_in_lightbox=&#8221;on&#8221; _builder_version=&#8221;4.4.8&#8243; global_colors_info=&#8221;{}&#8221;][\/et_pb_image][\/et_pb_column][\/et_pb_row][et_pb_row _builder_version=&#8221;4.6.0&#8243; _module_preset=&#8221;default&#8221; global_colors_info=&#8221;{}&#8221;][et_pb_column type=&#8221;4_4&#8243; _builder_version=&#8221;4.6.0&#8243; _module_preset=&#8221;default&#8221; global_colors_info=&#8221;{}&#8221;][et_pb_testimonial author=&#8221;Enric Ases&#8221; portrait_url=&#8221;https:\/\/www.ferotge.com\/wp-content\/uploads\/2020\/07\/elcirculoanimadoOOOO.jpg&#8221; _builder_version=&#8221;4.5.3&#8243; _module_preset=&#8221;default&#8221; author_font_size=&#8221;14px&#8221; position_font_size=&#8221;14px&#8221; animation_style=&#8221;slide&#8221; animation_direction=&#8221;right&#8221; locked=&#8221;off&#8221; global_colors_info=&#8221;{}&#8221;]<\/p>\n<p><em>Durant m\u00e9s de\u00a030\u00a0anys he tingut la\u00a0immensa\u00a0sort de participar en una gran quantitat de projectes esc\u00e8nics. La majoria en col.lectiu.<\/em><\/p>\n<p><em>En els inicis de la meva traject\u00f2ria\u00a0professional, ens mov\u00edem impulsats per la intuici\u00f3 i per una poderosa necessitat visceral sense cap\u00a0mena\u00a0de guia que ens orient\u00e9s en el trajecte, amb els\u00a0avantatges\u00a0i els inconvenients que\u00a0aix\u00f2\u00a0podia\u00a0representar.<\/em><\/p>\n<p><em>Curiosament, he pogut constatar, que avui en dia i malgrat l&#8217;experi\u00e8ncia acumulada en\u00a0les \u00faltimes d\u00e8cades, les companyies que afronten la creaci\u00f3 d&#8217;espectacles col\u00b7lectivament es troben en el mateix punt que nosaltres als anys\u00a0vuitanta: no disposen de cap recurs metodol\u00f2gic que faciliti la seva feina.<\/em><\/p>\n<p>[\/et_pb_testimonial][et_pb_divider divider_position=&#8221;bottom&#8221; disabled_on=&#8221;on|off|off&#8221; _builder_version=&#8221;4.4.8&#8243; global_colors_info=&#8221;{}&#8221;][\/et_pb_divider][\/et_pb_column][\/et_pb_row][et_pb_row column_structure=&#8221;1_2,1_2&#8243; _builder_version=&#8221;4.5.1&#8243; custom_padding=&#8221;||0px||false|false&#8221; global_colors_info=&#8221;{}&#8221;][et_pb_column type=&#8221;1_2&#8243; _builder_version=&#8221;4.4.8&#8243; global_colors_info=&#8221;{}&#8221;][et_pb_gallery gallery_ids=&#8221;205,204,203&#8243; fullwidth=&#8221;on&#8221; _builder_version=&#8221;4.5.1&#8243; auto=&#8221;on&#8221; auto_speed=&#8221;4200&#8243; global_colors_info=&#8221;{}&#8221;][\/et_pb_gallery][\/et_pb_column][et_pb_column type=&#8221;1_2&#8243; _builder_version=&#8221;4.4.8&#8243; global_colors_info=&#8221;{}&#8221;][et_pb_text _builder_version=&#8221;4.5.6&#8243; global_colors_info=&#8221;{}&#8221;]<\/p>\n<h1>Avanti !<\/h1>\n<p>La\u00a0 intenci\u00f3 \u00e9s\u00a0posar a l&#8217;abast dels creadors contemporanis l&#8217;experi\u00e8ncia\u00a0acumulada durant la meva\u00a0 traject\u00f2ria\u00a0vital \/professional\u00a0aix\u00ed\u00a0com la de tants altres\u00a0artistes\u00a0que han gaudit (i a vegades patit) aquests\u00a0processos\u00a0apassionants\u00a0i \u00fanics.<\/p>\n<p>Aix\u00f2\u00a0\u00e9s, proporcionar eines que ajudin a les companyies, a trobar el m\u00e0gic equilibri entre el deliri creatiu i l&#8217;ordre, el punt\u00a0mig\u00a0entre el cel i la terra.<\/p>\n<p>Un treball en equip que requereix paci\u00e8ncia i molt de coratge.<\/p>\n<p>Habitualment,\u00a0<strong>colaboro amb una \u00e0mplia xarxa de professionals<\/strong>\u00a0 (escen\u00f2grafs, dramaturgs, core\u00f2grafs, dissenyadors de vestuari) que son convidats a participar en els diferents projectes segons les caracter\u00edstiques espec\u00edfiques dels mateixos.<\/p>\n<p>&nbsp;<\/p>\n<p>[\/et_pb_text][\/et_pb_column][\/et_pb_row][\/et_pb_section][et_pb_section fb_built=&#8221;1&#8243; _builder_version=&#8221;4.5.1&#8243; background_color=&#8221;#e2e1dc&#8221; custom_padding=&#8221;30px||30px||false|false&#8221; top_divider_height=&#8221;39px&#8221; top_divider_flip=&#8221;horizontal&#8221; global_colors_info=&#8221;{}&#8221;][et_pb_row _builder_version=&#8221;4.5.1&#8243; custom_padding=&#8221;0px||0px||false|false&#8221; global_colors_info=&#8221;{}&#8221;][et_pb_column type=&#8221;4_4&#8243; _builder_version=&#8221;4.5.1&#8243; global_colors_info=&#8221;{}&#8221;][et_pb_text _builder_version=&#8221;4.7.4&#8243; custom_margin=&#8221;0px||0px||false|false&#8221; custom_padding=&#8221;0px||0px||false|false&#8221; global_colors_info=&#8221;{}&#8221;]<\/p>\n<h5>Al llarg de la meva carrera, he rebut els seg\u00fcents premis:<\/h5>\n<p>[\/et_pb_text][et_pb_slider show_image_video_mobile=&#8221;on&#8221; use_bg_overlay=&#8221;on&#8221; bg_overlay_color=&#8221;#e02b20&#8243; _builder_version=&#8221;4.11.2&#8243; background_color=&#8221;#f2460c&#8221; auto=&#8221;on&#8221; hover_enabled=&#8221;0&#8243; border_radii=&#8221;off||36px||36px&#8221; locked=&#8221;off&#8221; global_colors_info=&#8221;{}&#8221; sticky_enabled=&#8221;0&#8243;][et_pb_slide heading=&#8221;\u201cLaika\u201d &#8221; image=&#8221;https:\/\/www.ferotge.com\/wp-content\/uploads\/2020\/07\/IMATGE-OBRA-1.jpg&#8221; _builder_version=&#8221;4.11.2&#8243; header_font_size=&#8221;36px&#8221; background_color=&#8221;rgba(0,0,0,0)&#8221; background_enable_color=&#8221;on&#8221; custom_padding=&#8221;42px||42px||false|false&#8221; hover_enabled=&#8221;0&#8243; locked=&#8221;off&#8221; global_colors_info=&#8221;{}&#8221; sticky_transition=&#8221;on&#8221; sticky_enabled=&#8221;0&#8243;]<\/p>\n<h4>Teatre (2018)<\/h4>\n<ul>\n<li>Premi MAX 2021 al millor \u201cEspectacle per a p\u00fablic familiar\u201d<\/li>\n<li>Premi a la millor direcci\u00f3 i autoria, Festival FETEN (Gij\u00f3n)<\/li>\n<li>Premi de la Cr\u00edtica de Barcelona<\/li>\n<li>Premi BBVA de teatre<\/li>\n<li>Premi a la millor escenografia, Premi del P\u00fablic. Mostra d\u2019Igualada<\/li>\n<\/ul>\n<p>[\/et_pb_slide][et_pb_slide heading=&#8221;\u201cPlec\u2019s\u201d&#8221; image=&#8221;https:\/\/www.ferotge.com\/wp-content\/uploads\/2020\/07\/IMATGE-OBRA-2.jpg&#8221; _builder_version=&#8221;4.5.1&#8243; header_font_size=&#8221;36px&#8221; background_color=&#8221;rgba(0,0,0,0)&#8221; background_enable_color=&#8221;on&#8221; custom_padding=&#8221;42px||42px||false|false&#8221; locked=&#8221;off&#8221; global_colors_info=&#8221;{}&#8221; sticky_transition=&#8221;on&#8221;]<\/p>\n<h4>Circ (2010)<\/h4>\n<ul>\n<li>Premi FAD<\/li>\n<li>Premi \u201cZirkolica\u201d al millor espectacle de circ de la temporada.<\/li>\n<\/ul>\n<p>[\/et_pb_slide][et_pb_slide heading=&#8221;\u201cEl pollo que se muerde la cola\u201d&#8221; image=&#8221;https:\/\/www.ferotge.com\/wp-content\/uploads\/2020\/07\/imatge-obra-3.jpg&#8221; _builder_version=&#8221;4.5.1&#8243; header_font_size=&#8221;30px&#8221; background_color=&#8221;rgba(0,0,0,0)&#8221; background_enable_color=&#8221;on&#8221; custom_padding=&#8221;42px||42px||false|false&#8221; locked=&#8221;off&#8221; global_colors_info=&#8221;{}&#8221; sticky_transition=&#8221;on&#8221;]<\/p>\n<h4>Cinema (2002)<\/h4>\n<ul>\n<li>Premi del Jurat en l\u2019\u201cOctava mostra de curtmetratges de Vilafranca del Pened\u00e8s\u201d<\/li>\n<\/ul>\n<p>&nbsp;<\/p>\n<p>[\/et_pb_slide][et_pb_slide heading=&#8221;\u201cLa Gran Reprise\u201d&#8221; image=&#8221;https:\/\/www.ferotge.com\/wp-content\/uploads\/2020\/07\/GALERIA-PREMIS-la-gran-repriseweb.jpg&#8221; _builder_version=&#8221;4.5.1&#8243; header_font_size=&#8221;36px&#8221; background_color=&#8221;rgba(0,0,0,0)&#8221; background_enable_color=&#8221;on&#8221; custom_padding=&#8221;42px||42px||false|false&#8221; locked=&#8221;off&#8221; global_colors_info=&#8221;{}&#8221; sticky_transition=&#8221;on&#8221;]<\/p>\n<h4>Circ (1998)<\/h4>\n<ul>\n<li>Premi FAD<\/li>\n<\/ul>\n<p>[\/et_pb_slide][et_pb_slide heading=&#8221; \u201cOjo por ojo\u201d&#8221; image=&#8221;https:\/\/www.ferotge.com\/wp-content\/uploads\/2020\/07\/IMATGE-OBRA-6.jpg&#8221; _builder_version=&#8221;4.5.1&#8243; header_font_size=&#8221;36px&#8221; background_color=&#8221;rgba(0,0,0,0)&#8221; background_enable_color=&#8221;on&#8221; custom_padding=&#8221;42px||42px||false|false&#8221; locked=&#8221;off&#8221; global_colors_info=&#8221;{}&#8221; sticky_transition=&#8221;on&#8221;]<\/p>\n<h4>\u00a0Acci\u00f3 de carrer (1997)<\/h4>\n<ul>\n<li>Premi al millor espectacle. Feria de Teatro de Leioa.<\/li>\n<\/ul>\n<p>[\/et_pb_slide][et_pb_slide heading=&#8221;\u201cPourquoi Pas?\u201d&#8221; image=&#8221;https:\/\/www.ferotge.com\/wp-content\/uploads\/2020\/07\/IMATGE-OBRA-5web.jpg&#8221; _builder_version=&#8221;4.5.1&#8243; header_font_size=&#8221;36px&#8221; background_color=&#8221;rgba(0,0,0,0)&#8221; background_enable_color=&#8221;on&#8221; custom_padding=&#8221;42px||42px||false|false&#8221; locked=&#8221;off&#8221; global_colors_info=&#8221;{}&#8221; sticky_transition=&#8221;on&#8221;]<\/p>\n<h4>\u00a0Teatre (1995)<\/h4>\n<ul>\n<li>Premi de la Cr\u00edtica de Barcelona<\/li>\n<li>Premi FAD<\/li>\n<\/ul>\n<p>[\/et_pb_slide][et_pb_slide heading=&#8221;\u201cEntresols\u201d&#8221; image=&#8221;https:\/\/www.ferotge.com\/wp-content\/uploads\/2020\/07\/IMATGE-OBRA-7web.jpg&#8221; _builder_version=&#8221;4.5.1&#8243; header_font_size=&#8221;36px&#8221; background_color=&#8221;rgba(0,0,0,0)&#8221; background_enable_color=&#8221;on&#8221; custom_padding=&#8221;42px||42px||false|false&#8221; locked=&#8221;off&#8221; global_colors_info=&#8221;{}&#8221; sticky_transition=&#8221;on&#8221;]<\/p>\n<h4>Acci\u00f3 de carrer (1989)<\/h4>\n<ul>\n<li>Menci\u00f3 honor\u00edfica. Biennal de joves creadors europeus.<\/li>\n<\/ul>\n<p>[\/et_pb_slide][\/et_pb_slider][\/et_pb_column][\/et_pb_row][\/et_pb_section][et_pb_section fb_built=&#8221;1&#8243; _builder_version=&#8221;4.5.1&#8243; _module_preset=&#8221;default&#8221; background_color=&#8221;#efede8&#8243; custom_margin=&#8221;0px||0px||false|false&#8221; custom_padding=&#8221;0px||0px||false|false&#8221; global_colors_info=&#8221;{}&#8221;][et_pb_row _builder_version=&#8221;4.5.1&#8243; _module_preset=&#8221;default&#8221; global_colors_info=&#8221;{}&#8221;][et_pb_column type=&#8221;4_4&#8243; _builder_version=&#8221;4.5.1&#8243; _module_preset=&#8221;default&#8221; global_colors_info=&#8221;{}&#8221;][et_pb_text _builder_version=&#8221;4.5.1&#8243; custom_margin=&#8221;0px||0px||false|false&#8221; custom_padding=&#8221;0px||0px||false|false&#8221; global_colors_info=&#8221;{}&#8221;]<\/p>\n<h5>\u00a0&#8230; I he participat en els seg\u00fcents espectacles:<\/h5>\n<p>[\/et_pb_text][\/et_pb_column][\/et_pb_row][\/et_pb_section][et_pb_section fb_built=&#8221;1&#8243; fullwidth=&#8221;on&#8221; _builder_version=&#8221;4.4.9&#8243; custom_margin=&#8221;0px||0px||false|false&#8221; custom_padding=&#8221;0px||0px||false|false&#8221; global_colors_info=&#8221;{}&#8221;][et_pb_fullwidth_portfolio include_categories=&#8221;all&#8221; show_date=&#8221;off&#8221; hover_icon=&#8221;%%45%%&#8221; _builder_version=&#8221;4.5.1&#8243; portfolio_header_font_size=&#8221;16px&#8221; auto=&#8221;on&#8221; auto_speed=&#8221;5000&#8243; global_colors_info=&#8221;{}&#8221;][\/et_pb_fullwidth_portfolio][\/et_pb_section][et_pb_section fb_built=&#8221;1&#8243; _builder_version=&#8221;4.5.1&#8243; _module_preset=&#8221;default&#8221; background_color=&#8221;#efede8&#8243; custom_padding=&#8221;24px||24px||false|false&#8221; global_colors_info=&#8221;{}&#8221;][\/et_pb_section]<\/p>\n","protected":false},"excerpt":{"rendered":"<p>Enric Ases \u00e9s l\u2019\u00e0nima del projecte Ferotge!.<\/p>\n<p>Actor, director i autor teatral, ha treballat en companyies tan diverses com La Fura dels Baus, Tricicle, Teatre de Guerrilla o Malpelo.<\/p>\n<p>Ha estat membre i co-fundador de formacions emblem\u00e0tiques com Zotal Teatre, Los Los i Los Dos Los rebent nombrosos premis al llarg de la seva carrera. El 2019 publica \u2018Creaci\u00f3n esc\u00e9nica en equipo. El c\u00edrculo animado\u2019, assaig sobre metodologies de processos de creaci\u00f3.<\/p>","protected":false},"author":1,"featured_media":202,"parent":0,"menu_order":0,"comment_status":"closed","ping_status":"closed","template":"","meta":{"_et_pb_use_builder":"on","_et_pb_old_content":"","_et_gb_content_width":"","footnotes":""},"class_list":["post-61","page","type-page","status-publish","has-post-thumbnail","hentry"],"_links":{"self":[{"href":"https:\/\/www.ferotge.com\/en\/wp-json\/wp\/v2\/pages\/61","targetHints":{"allow":["GET"]}}],"collection":[{"href":"https:\/\/www.ferotge.com\/en\/wp-json\/wp\/v2\/pages"}],"about":[{"href":"https:\/\/www.ferotge.com\/en\/wp-json\/wp\/v2\/types\/page"}],"author":[{"embeddable":true,"href":"https:\/\/www.ferotge.com\/en\/wp-json\/wp\/v2\/users\/1"}],"replies":[{"embeddable":true,"href":"https:\/\/www.ferotge.com\/en\/wp-json\/wp\/v2\/comments?post=61"}],"version-history":[{"count":0,"href":"https:\/\/www.ferotge.com\/en\/wp-json\/wp\/v2\/pages\/61\/revisions"}],"wp:featuredmedia":[{"embeddable":true,"href":"https:\/\/www.ferotge.com\/en\/wp-json\/wp\/v2\/media\/202"}],"wp:attachment":[{"href":"https:\/\/www.ferotge.com\/en\/wp-json\/wp\/v2\/media?parent=61"}],"curies":[{"name":"wp","href":"https:\/\/api.w.org\/{rel}","templated":true}]}}