{"id":729,"date":"2020-07-16T13:17:15","date_gmt":"2020-07-16T12:17:15","guid":{"rendered":"http:\/\/www.ferotge.com\/cookie-policy-eu\/"},"modified":"2020-08-04T18:30:47","modified_gmt":"2020-08-04T17:30:47","slug":"cookie-policy-eu","status":"publish","type":"page","link":"https:\/\/www.ferotge.com\/en\/cookie-policy-eu\/","title":{"rendered":"Cookie policy (EU)"},"content":{"rendered":"<p>[et_pb_section fb_built=&#8221;1&#8243; fullwidth=&#8221;on&#8221; _builder_version=&#8221;4.4.8&#8243; locked=&#8221;off&#8221;][et_pb_fullwidth_header title=&#8221;Pol\u00edtica de cookies i privacitat (EU)&#8221; text_orientation=&#8221;center&#8221; header_scroll_down=&#8221;on&#8221; scroll_down_icon=&#8221;%%0%%&#8221; scroll_down_icon_color=&#8221;#ffffff&#8221; scroll_down_icon_size=&#8221;36px&#8221; background_overlay_color=&#8221;rgba(0,0,0,0.28)&#8221; _builder_version=&#8221;4.5.3&#8243; background_color=&#8221;rgba(0,0,0,0)&#8221; background_image=&#8221;https:\/\/www.ferotge.com\/wp-content\/uploads\/2020\/07\/enric-i-piero-002e.jpg&#8221; custom_padding=&#8221;120px||120px||false|false&#8221; hover_enabled=&#8221;0&#8243;][\/et_pb_fullwidth_header][\/et_pb_section][et_pb_section fb_built=&#8221;1&#8243; _builder_version=&#8221;4.5.1&#8243; _module_preset=&#8221;default&#8221;][et_pb_row _builder_version=&#8221;4.5.1&#8243; _module_preset=&#8221;default&#8221;][et_pb_column type=&#8221;4_4&#8243; _builder_version=&#8221;4.5.1&#8243; _module_preset=&#8221;default&#8221;][et_pb_text _builder_version=&#8221;4.5.3&#8243; _module_preset=&#8221;default&#8221; hover_enabled=&#8221;0&#8243;]<\/p>\n<h1>Pol\u00edtica de cookies i privacitat (EU)<\/h1>\n<div>\n<div id=\"cmplz-document\">\n<p>Esta informaci\u00f3n de cookie se actualiz\u00f3 por \u00faltima vez el 07\/16\/2020 y se aplica a los ciudadanos del Espacio Econ\u00f3mico Europeo.<\/p>\n<h3>1. Introducci\u00f3n<\/h3>\n<p>Nuestro sitio web,\u00a0<a href=\"https:\/\/www.ferotge.com\/ca\/\">https:\/\/www.ferotge.com\/ca\/<\/a>\u00a0(En adelante &#8220;el sitio web&#8221;) utiliza cookies y otras tecnolog\u00edas relacionadas (por comodidad, todas las tecnolog\u00edas se denominan &#8220;cookies&#8221;). Las galletas tambi\u00e9n son colocadas por terceros que hemos contratado. En el documento se cita con informamos sobre el uso de las cookies en nuestro sitio web.<\/p>\n<h3>2. \u00bfQu\u00e9 son las cookies?<\/h3>\n<p>Una cookie es un archivo peque\u00f1o y sencillo que se env\u00eda junto con p\u00e1ginas de este sitio web y que su navegador almacena en el disco duro del ordenador u otro dispositivo. La informaci\u00f3n almacenada en \u00e9l se puede volver a nuestros servidores o en los servidores de los terceros correspondientes durante una visita posterior.<\/p>\n<h3>3. \u00bfCu\u00e1les son los scripts?<\/h3>\n<p>A script is a piece of program code that is used to make our website function properly and interactively. This code is executed donde our server oro on your device.<\/p>\n<h3>4. \u00bfQu\u00e9 es un web beacon?<\/h3>\n<p>Una baliza web (o una etiqueta de p\u00edxel) es una peque\u00f1a e invisible pieza de texto o imagen en un sitio web que se utiliza para controlar el tr\u00e1fico de un sitio web. Para ello, se almacenan diversos datos utilizando balizas web.<\/p>\n<h3>5. Consentimiento<\/h3>\n<p>Cuando visite nuestro sitio web por primera vez, le mostraremos un pop-up con una explicaci\u00f3n sobre las cookies. Tan pronto como haga clic en &#8220;Save preferences&#8221;, consiente a nosotros utilizando las categor\u00edas de galletas y conectores que ha seleccionado en la ventana emergente, tal como se describe en esta declaraci\u00f3n de galletas. Puede desactivar el uso de cookies a trav\u00e9s de su navegador, pero tenga en cuenta que puede que nuestro sitio web ya no funcione correctamente.<\/p>\n<p>5.1 Manage your consiente settings<\/p>\n<p>&nbsp;<\/p>\n<p><label><label><\/label>\u00a0Functional<\/label><\/p>\n<p><label><label><\/label>\u00a0Marketing<\/label><\/p>\n<p>&nbsp;<\/p>\n<h3>6. Galletas<\/h3>\n<p>6.1 Galletas t\u00e9cnicas o funcionales<\/p>\n<p>Algunas galletas aseguran que ciertas partes del sitio web funcionan correctamente y que las preferencias de los usuarios sigan siendo conocidas. Utilizando galletas funcionales, le facilitamos que visite nuestro sitio web. De este modo, no es necesario que introduzca repetidamente la misma informaci\u00f3n cuando visite nuestro sitio web y, por ejemplo, los elementos permanecen en el carrito de la compra hasta que haya pagado. Podemos poner estas galletas sin su consentimiento.<\/p>\n<p>6.2 Galletas anal\u00edticas<\/p>\n<p>Como las estad\u00edsticas se est\u00e1 rastreando de manera an\u00f3nima, no se ha solicitado ning\u00fan permiso para hacer galletas anal\u00edticas.<\/p>\n<p>6.3 Botones de medios sociales<\/p>\n<p>Donde our website we have included buttons for Facebook to promote webpages (eg &#8220;like&#8221;, &#8220;pin&#8221;) or share (eg &#8220;tweet&#8221;) donde social networks like Facebook. These buttons work using pieces of code coming from Facebook themselves. This code plazas cookies. These social media buttons also can store and process certain information, sonido a Personalized advertisement can be shown to you.<\/p>\n<p>Please read the privacy statement of these social networks (which can change regularly) to read what they do with your (personal) fecha which they process using these cookies. The fecha that is Retrieved is anonymized as much as posible. Facebook se encuentra en el United States.<\/p>\n<h3>7. Galletas colocadas<\/h3>\n<h4>Google Analytics<\/h4>\n<p>&nbsp;<\/p>\n<table>\n<tbody>\n<tr>\n<td>nombre<\/td>\n<td>Retention<\/td>\n<td>function<\/td>\n<\/tr>\n<tr>\n<td>Statistics (anonymous)<\/td>\n<td><\/td>\n<td><\/td>\n<\/tr>\n<tr>\n<td>_ga<\/td>\n<td>2 years<\/td>\n<td><\/td>\n<\/tr>\n<\/tbody>\n<\/table>\n<h5>compartici\u00f3n<\/h5>\n<p>This fecha is not shared with third parties.<\/p>\n<h4>Divi (Elegant Themes)<\/h4>\n<p>&nbsp;<\/p>\n<table>\n<tbody>\n<tr>\n<td>nombre<\/td>\n<td>Retention<\/td>\n<td>function<\/td>\n<\/tr>\n<tr>\n<td>Functional<\/td>\n<td><\/td>\n<td><\/td>\n<\/tr>\n<tr>\n<td>te-pb-reciente-items-colores<\/td>\n<td>persistente<\/td>\n<td>Provide functions across pages<\/td>\n<\/tr>\n<\/tbody>\n<\/table>\n<h5>compartici\u00f3n<\/h5>\n<p>This fecha is not shared with third parties.<\/p>\n<h4>WordFence<\/h4>\n<p>&nbsp;<\/p>\n<table>\n<tbody>\n<tr>\n<td>nombre<\/td>\n<td>Retention<\/td>\n<td>function<\/td>\n<\/tr>\n<tr>\n<td>Functional<\/td>\n<td><\/td>\n<td><\/td>\n<\/tr>\n<tr>\n<td>wfwaf-authcookie- *<\/td>\n<td>12 hours<\/td>\n<td>Determine if the user is logged in<\/td>\n<\/tr>\n<\/tbody>\n<\/table>\n<h5>compartici\u00f3n<\/h5>\n<p>This fecha is not shared with third parties.<\/p>\n<h4>Miscel\u00e1nea<\/h4>\n<p>&nbsp;<\/p>\n<table>\n<tbody>\n<tr>\n<td>nombre<\/td>\n<td>Retention<\/td>\n<td>function<\/td>\n<\/tr>\n<tr>\n<td>Purpose pending Investigation<\/td>\n<td><\/td>\n<td><\/td>\n<\/tr>\n<tr>\n<td>etBloomCookie_optin_ *<\/td>\n<td><\/td>\n<td><\/td>\n<\/tr>\n<\/tbody>\n<\/table>\n<h5>compartici\u00f3n<\/h5>\n<p>This fecha is not shared with third parties.<\/p>\n<h3>8. Sus derechos respecto de los datos personales<\/h3>\n<p>Tiene los siguientes derechos respecto a sus datos personales:<\/p>\n<p>&nbsp;<\/p>\n<ul>\n<li>Tiene derecho a saber por qu\u00e9 se necesitan sus datos personales, que le pasar\u00e1 y cu\u00e1nto tiempo se mantendr\u00e1.<\/li>\n<li>Derecho de acceso: tiene derecho a acceder a sus datos personales que nos son conocidas.<\/li>\n<li>Derecho de rectificaci\u00f3n: tiene derecho a completar, corregir, suprimir o bloquear sus datos personales siempre que lo desee.<\/li>\n<li>Si nos presta su consentimiento para procesar sus datos, tiene el derecho de revocar este consentimiento y de suprimir sus datos personales.<\/li>\n<li>Derecho de transferir sus datos: tiene el derecho de solicitar todos los datos personales del controlador y transferirlas en su totalidad a otro controlador.<\/li>\n<li>Derecho a la oposici\u00f3n: puede oponerse al procesamiento de sus datos. Cumplimos con ello, a menos que haya motivos justificados para el procesamiento.<\/li>\n<\/ul>\n<p>&nbsp;<\/p>\n<p>Para ejercer estos derechos, p\u00f3ngase en contacto con nosotros. Consulte los datos de contacto en la parte inferior de esta declaraci\u00f3n de la galleta. Si tiene una queja sobre c\u00f3mo gestionamos sus datos, nos gustar\u00eda saber de vosotros, pero tambi\u00e9n tiene el derecho de presentar una reclamaci\u00f3n a la autoridad de supervisi\u00f3n (la Agencia de Protecci\u00f3n de Datos).<\/p>\n<h3>9. Activaci\u00f3n \/ desactivaci\u00f3n y eliminaci\u00f3n de cookies<\/h3>\n<p>You can use your internet browser to automatically oro Manually delete cookies. You can also Specify that certain cookies may not be placed. Another option is to change the settings of your internet browser so that you receive a message each time a cookie is placed. For more information about these options, please rehacer to the instructions in the Help section of your browser.<\/p>\n<p>Tenga en cuenta que nuestro sitio web puede no funcionar correctamente si todas las cookies est\u00e1n desactivadas. Si elimina las cookies del navegador, se crear\u00e1n nuevas despu\u00e9s de su consentimiento cuando vuelva a visitar nuestros sitios web.<\/p>\n<h3>10. Detalles de contacto<\/h3>\n<p>Para preguntas y \/ o comentarios sobre nuestra pol\u00edtica de galletas y esta declaraci\u00f3n, p\u00f3ngase en contacto con nosotros mediante los siguientes datos de contacto:<\/p>\n<p>Ferotge!<br \/> Barcelona<br \/> Espa\u00f1a<br \/> Sitio:\u00a0<a href=\"https:\/\/www.ferotge.com\/ca\/\">https:\/\/www.ferotge.com\/ca\/<\/a><br \/> Correo electr\u00f3nico:\u00a0<a href=\"mailto:enricases2@gmail.com\"><\/a><a href=\"mailto:%66erotgeconta%63te%40g%6Dai%6C.%63o%6D\">ferotgecontacte@gmail.com<\/a><\/p>\n<p>This cookie policy was synchronized with\u00a0<a href=\"https:\/\/cookiedatabase.org\/\" target=\"_blank\" rel=\"noopener noreferrer\">cookiedatabase.org<\/a>\u00a0donde 07\/16\/2020<\/p>\n<\/div>\n<\/div>\n<p>[\/et_pb_text][\/et_pb_column][\/et_pb_row][\/et_pb_section]<\/p>\n","protected":false},"excerpt":{"rendered":"<p>Pol\u00edtica de cookies i privacitat (EU) Esta informaci\u00f3n de cookie se actualiz\u00f3 por \u00faltima vez el 07\/16\/2020 y se aplica a los ciudadanos del Espacio Econ\u00f3mico Europeo. 1. Introducci\u00f3n Nuestro sitio web,\u00a0https:\/\/www.ferotge.com\/ca\/\u00a0(En adelante &#8220;el sitio web&#8221;) utiliza cookies y otras tecnolog\u00edas relacionadas (por comodidad, todas las tecnolog\u00edas se denominan &#8220;cookies&#8221;). Las galletas tambi\u00e9n son colocadas [&hellip;]<\/p>\n","protected":false},"author":1,"featured_media":0,"parent":0,"menu_order":0,"comment_status":"closed","ping_status":"closed","template":"","meta":{"_et_pb_use_builder":"on","_et_pb_old_content":"<!-- wp:complianz\/document {\"title\":\"Cookie policy (EU)\",\"selectedDocument\":\"cookie-statement\"} \/-->","_et_gb_content_width":"","footnotes":""},"class_list":["post-729","page","type-page","status-publish","hentry"],"_links":{"self":[{"href":"https:\/\/www.ferotge.com\/en\/wp-json\/wp\/v2\/pages\/729","targetHints":{"allow":["GET"]}}],"collection":[{"href":"https:\/\/www.ferotge.com\/en\/wp-json\/wp\/v2\/pages"}],"about":[{"href":"https:\/\/www.ferotge.com\/en\/wp-json\/wp\/v2\/types\/page"}],"author":[{"embeddable":true,"href":"https:\/\/www.ferotge.com\/en\/wp-json\/wp\/v2\/users\/1"}],"replies":[{"embeddable":true,"href":"https:\/\/www.ferotge.com\/en\/wp-json\/wp\/v2\/comments?post=729"}],"version-history":[{"count":0,"href":"https:\/\/www.ferotge.com\/en\/wp-json\/wp\/v2\/pages\/729\/revisions"}],"wp:attachment":[{"href":"https:\/\/www.ferotge.com\/en\/wp-json\/wp\/v2\/media?parent=729"}],"curies":[{"name":"wp","href":"https:\/\/api.w.org\/{rel}","templated":true}]}}